{"id":10726,"date":"2023-07-16T06:45:07","date_gmt":"2023-07-16T04:45:07","guid":{"rendered":"https:\/\/popz.com\/hu\/?page_id=10726"},"modified":"2023-12-07T12:02:22","modified_gmt":"2023-12-07T10:02:22","slug":"karrier","status":"publish","type":"page","link":"https:\/\/popz.com\/hu\/karrier\/","title":{"rendered":"Karrier"},"content":{"rendered":"<p><strong>A POPZ<\/strong> a k\u00fcl\u00f6nf\u00e9le pattogatott kukorica term\u00e9kek egyik vezet\u0151 gy\u00e1rt\u00f3ja, term\u00e9keit vil\u00e1gszerte t\u00f6bb mint harminc orsz\u00e1gban forgalmazza. A POPZ mikrohull\u00e1m\u00fa pattogatott kukorica term\u00e9kei a legmagasabb min\u0151s\u00e9get k\u00e9pviselik a piacon. A POPZ eur\u00f3pai gy\u00e1rt\u00f3b\u00e1zisa Debrecenben tal\u00e1lhat\u00f3.<\/p>\n<p>&nbsp;<\/p>\n<p>\u00dczemi csapatunkba keress\u00fck <strong>G\u00c9PKEZEL\u0150<\/strong> koll\u00e9g\u00e1nkat.<\/p>\n<p>&nbsp;<\/p>\n<p><strong><em>Mi a legf\u0151bb c\u00e9lkit\u0171z\u00e9s\u00fcnk?<\/em><\/strong><\/p>\n<p>C\u00e9g\u00fcnk k\u00fcldet\u00e9se, hogy \u00a0popcorn term\u00e9keinket magas min\u0151s\u00e9gben gy\u00e1rtsuk, vev\u0151ink sz\u00e9lesk\u00f6r\u0171 ig\u00e9nyeit teljes\u00edts\u00fck, \u00a0\u00e9s piaci poz\u00edci\u00f3nkat meg\u0151rizz\u00fck.<\/p>\n<p><strong>\u00a0<\/strong><\/p>\n<p><strong><em>Mire sz\u00e1m\u00edthatsz a Popzn\u00e1l?<\/em><\/strong><\/p>\n<ul>\n<li>lend\u00fcletes, \u00f6sszetart\u00f3 csapatra,<\/li>\n<li>seg\u00edt\u0151k\u00e9sz koll\u00e9g\u00e1kra,<\/li>\n<li>stabil, kisz\u00e1m\u00edthat\u00f3 munkahelyre<\/li>\n<\/ul>\n<p>&nbsp;<\/p>\n<p><strong><em>Mik lesznek a feladataid?<\/em><\/strong><\/p>\n<ul>\n<li>az adott napi termelend\u0151 mennyis\u00e9gek legy\u00e1rt\u00e1sa tervek szerint, melyek min\u0151s\u00e9gileg is kiv\u00e1l\u00f3ak<\/li>\n<li>a g\u00e9pek, berendez\u00e9sek m\u0171k\u00f6d\u00e9s\u00e9vel, illetve a term\u00e9kek gy\u00e1rt\u00e1s\u00e1val kapcsolatos adminisztr\u00e1ci\u00f3k pontos vezet\u00e9se<\/li>\n<li>a termel\u00e9sben haszn\u00e1lt g\u00e9pek, berendez\u00e9sek \u00fczemeltet\u00e9se \u00e9s be\u00e1ll\u00edt\u00e1sa<\/li>\n<li>alap-, seg\u00e9d- \u00e9s csomagol\u00f3anyagok recept\u00fara szerinti felhaszn\u00e1l\u00e1sa<\/li>\n<\/ul>\n<p><strong><em>\u00a0<\/em><\/strong><\/p>\n<p><strong><em>Mikor jelentkezz?<\/em><\/strong><\/p>\n<p><em>Ha:<\/em><\/p>\n<ul>\n<li>Legal\u00e1bb k\u00f6z\u00e9pfok\u00fa v\u00e9gzetts\u00e9ggel rendelkezel<\/li>\n<li>van g\u00e9pkezel\u0151i munkak\u00f6rben szerzett legal\u00e1bb 1 \u00e9ves tapasztalatod<\/li>\n<li>prec\u00edz vagy \u00e9s j\u00f3 probl\u00e9mamegold\u00f3 \u00e9s egy\u00fcttm\u0171k\u00f6d\u00e9si k\u00e9szs\u00e9ggel rendelkezel<\/li>\n<li>t\u00f6bb m\u0171szakos munkarendet tudsz v\u00e1llalni<\/li>\n<li>ha p\u00e1lyakezd\u0151 vagy, de sz\u00edvesen szerezn\u00e9l tapasztalatot egy termel\u0151 v\u00e1llalatn\u00e1l, t\u00e9ged is v\u00e1runk!<\/li>\n<\/ul>\n<p>&nbsp;<\/p>\n<p><strong>Az elb\u00edr\u00e1l\u00e1sn\u00e1l el\u0151nyben r\u00e9szes\u00fclsz,<\/strong><\/p>\n<p>ha:<\/p>\n<ul>\n<li>van \u00e9lelmiszeripari ter\u00fcleten szerzett gyakorlatod<\/li>\n<li>besz\u00e9lsz angolul<\/li>\n<\/ul>\n<p><strong><em>\u00a0<\/em><\/strong><\/p>\n<p><strong><em>Mi\u00e9rt \u00e9rdemes jelentkezned?<\/em><\/strong><\/p>\n<ul>\n<li>versenyk\u00e9pes fizet\u00e9s (alapb\u00e9r, p\u00f3tl\u00e9kok, b\u00f3nusz)<\/li>\n<li>Cafeteria<\/li>\n<li>bar\u00e1ts\u00e1gos, t\u00e1mogat\u00f3 l\u00e9gk\u00f6r<\/li>\n<li>modern munkak\u00f6rnyezet<\/li>\n<li>munk\u00e1ba j\u00e1r\u00e1s t\u00e1mogat\u00e1sa<\/li>\n<li>\u00e9v v\u00e9gi b\u00f3nusz<\/li>\n<\/ul>\n<p><strong><em>\u00a0<\/em><\/strong><\/p>\n<p><strong><em>Hogyan jelentkezz?<\/em><\/strong><\/p>\n<ul>\n<li>k\u00e9rj\u00fck jelentkez\u00e9sedhez csatold \u00f6n\u00e9letrajzodat, sorold fel kor\u00e1bbi munkahelyeidet \u00e9s a r\u00e1d b\u00edzott feladatokat<\/li>\n<\/ul>\n<p><em>\u00a0<\/em><\/p>\n<p><strong><em>Munkakezd\u00e9s:<\/em><\/strong> ak\u00e1r azonnal<\/p>\n<p><strong><em>\u00a0<\/em><\/strong><\/p>\n<p><strong><em>Munkav\u00e9gz\u00e9s helye:<\/em><\/strong><\/p>\n<p>Debrecen, K\u00edgy\u00f3hagyma u. 3.<\/p>\n<p>&nbsp;<\/p>\n<p>A jelentkez\u00e9seket az <a href=\"mailto:info@popz.hu\" target=\"_blank\" rel=\"noopener\">info@popz.hu<\/a> e-mail c\u00edmen v\u00e1rjuk.<\/p>\n<p>&nbsp;<\/p>\n<hr \/>\n<p>&nbsp;<\/p>\n<p>\u00dczemi csapatunkba keress\u00fck <strong>KARBANTART\u00d3<\/strong> koll\u00e9g\u00e1nkat.<\/p>\n<p><strong><em>\u00a0<\/em><\/strong><\/p>\n<p><strong><em>Mi a legf\u0151bb c\u00e9lkit\u0171z\u00e9s\u00fcnk?<\/em><\/strong><\/p>\n<p>C\u00e9g\u00fcnk k\u00fcldet\u00e9se, hogy \u00a0popcorn term\u00e9keinket magas min\u0151s\u00e9gben gy\u00e1rtsuk, vev\u0151ink sz\u00e9lesk\u00f6r\u0171 ig\u00e9nyeit teljes\u00edts\u00fck, \u00a0\u00e9s piaci poz\u00edci\u00f3nkat meg\u0151rizz\u00fck.<\/p>\n<p><strong>\u00a0<\/strong><\/p>\n<p><strong><em>Mire sz\u00e1m\u00edthatsz a Popzn\u00e1l?<\/em><\/strong><\/p>\n<ul>\n<li>lend\u00fcletes, \u00f6sszetart\u00f3 csapatra,<\/li>\n<li>seg\u00edt\u0151k\u00e9sz koll\u00e9g\u00e1kra,<\/li>\n<li>stabil, kisz\u00e1m\u00edthat\u00f3 munkahelyre<\/li>\n<\/ul>\n<p>&nbsp;<\/p>\n<p><strong><em>Mik lesznek a feladataid?<\/em><\/strong><\/p>\n<ul>\n<li>gy\u00e1rt\u00f3sori g\u00e9pek karbantart\u00e1si munk\u00e1latainak ell\u00e1t\u00e1sa<\/li>\n<li>meghib\u00e1sod\u00e1s okainak felt\u00e1r\u00e1sa<\/li>\n<li>jav\u00edt\u00e1si feladatok<\/li>\n<li>megel\u0151z\u0151 karbantart\u00e1s, hibaelh\u00e1r\u00edt\u00e1s<\/li>\n<li>g\u00e9pek folyamatos megfelel\u0151 m\u0171k\u00f6d\u00e9s\u00e9nek biztos\u00edt\u00e1sa<\/li>\n<li>elv\u00e9gzett karbantart\u00e1sok dokument\u00e1l\u00e1sa<\/li>\n<\/ul>\n<p><strong><em>Mikor jelentkezz?<\/em><\/strong><\/p>\n<p><em>Ha:<\/em><\/p>\n<ul>\n<li>legal\u00e1bb k\u00f6z\u00e9pfok\u00fa elektronikai, m\u0171szaki v\u00e9gzetts\u00e9ggel rendelkezel<\/li>\n<li>3 m\u0171szakos munkav\u00e9gz\u00e9st v\u00e1llalni tudsz<\/li>\n<li>ha p\u00e1lyakezd\u0151 vagy, de sz\u00edvesen szerezn\u00e9l tapasztalatot egy termel\u0151 v\u00e1llalatn\u00e1l, t\u00e9ged is v\u00e1runk!<\/li>\n<\/ul>\n<p><strong>Az elb\u00edr\u00e1l\u00e1sn\u00e1l el\u0151nyben r\u00e9szes\u00fclsz,<\/strong><\/p>\n<p>ha:<\/p>\n<ul>\n<li>van ipari g\u00e9pkarbantart\u00e1ssal, villamoss\u00e1gi \u00e9s m\u0171szer\u00e9szi feladatokkal kapcsolatos tapasztalatod<\/li>\n<li>PLC vez\u00e9rl\u00e9si \u00e9s szab\u00e1lyz\u00e1si, valamint pneumatikus rendszerek ismeret\u00e9vel rendelkezel<\/li>\n<li>v\u00e9gezt\u00e9l m\u00e1r mechanikai, illetve lakatos munk\u00e1kat legal\u00e1bb alapszinten<\/li>\n<\/ul>\n<p><strong><em>\u00a0<\/em><\/strong><\/p>\n<p><strong><em>Mi\u00e9rt \u00e9rdemes jelentkezned?<\/em><\/strong><\/p>\n<ul>\n<li>versenyk\u00e9pes fizet\u00e9s (alapb\u00e9r, p\u00f3tl\u00e9kok, b\u00f3nusz)<\/li>\n<li>Cafeteria<\/li>\n<li>bar\u00e1ts\u00e1gos, t\u00e1mogat\u00f3 l\u00e9gk\u00f6r<\/li>\n<li>modern munkak\u00f6rnyezet<\/li>\n<li>munk\u00e1ba j\u00e1r\u00e1s t\u00e1mogat\u00e1sa<\/li>\n<li>\u00e9v v\u00e9gi b\u00f3nusz<\/li>\n<\/ul>\n<p><strong><em>\u00a0<\/em><\/strong><\/p>\n<p><strong><em>Hogyan jelentkezz?<\/em><\/strong><\/p>\n<ul>\n<li>k\u00e9rj\u00fck jelentkez\u00e9sedhez csatold \u00f6n\u00e9letrajzodat, sorold fel kor\u00e1bbi munkahelyeidet \u00e9s a r\u00e1d b\u00edzott feladatokat<\/li>\n<\/ul>\n<p><em>\u00a0<\/em><\/p>\n<p><strong><em>Munkakezd\u00e9s:<\/em><\/strong> ak\u00e1r azonnal<\/p>\n<p><strong><em>\u00a0<\/em><\/strong><\/p>\n<p><strong><em>Munkav\u00e9gz\u00e9s helye:<\/em><\/strong><\/p>\n<p>Debrecen, K\u00edgy\u00f3hagyma u. 3.<\/p>\n<p>&nbsp;<\/p>\n<p>A jelentkez\u00e9seket az <a href=\"mailto:info@popz.hu\" target=\"_blank\" rel=\"noopener\">info@popz.hu<\/a> e-mail c\u00edmen v\u00e1rjuk.<\/p>\n","protected":false},"excerpt":{"rendered":"<p>A POPZ a k\u00fcl\u00f6nf\u00e9le pattogatott kukorica term\u00e9kek egyik vezet\u0151 gy\u00e1rt\u00f3ja, term\u00e9keit vil\u00e1gszerte t\u00f6bb mint harminc orsz\u00e1gban forgalmazza. A POPZ mikrohull\u00e1m\u00fa [&hellip;]<\/p>\n","protected":false},"author":1,"featured_media":0,"parent":0,"menu_order":0,"comment_status":"closed","ping_status":"closed","template":"","meta":{"footnotes":""},"class_list":["post-10726","page","type-page","status-publish","hentry"],"yoast_head":"<!-- This site is optimized with the Yoast SEO plugin v27.2 - https:\/\/yoast.com\/product\/yoast-seo-wordpress\/ -->\n<title>Karrier<\/title>\n<meta name=\"robots\" content=\"index, follow, max-snippet:-1, max-image-preview:large, max-video-preview:-1\" \/>\n<link rel=\"canonical\" href=\"https:\/\/popz.com\/hu\/karrier\/\" \/>\n<meta name=\"twitter:card\" content=\"summary_large_image\" \/>\n<meta name=\"twitter:title\" content=\"Karrier\" \/>\n<meta name=\"twitter:description\" content=\"A POPZ a k\u00fcl\u00f6nf\u00e9le pattogatott kukorica term\u00e9kek egyik vezet\u0151 gy\u00e1rt\u00f3ja, term\u00e9keit vil\u00e1gszerte t\u00f6bb mint harminc orsz\u00e1gban forgalmazza. A POPZ mikrohull\u00e1m\u00fa [&hellip;]\" \/>\n<meta name=\"twitter:label1\" content=\"Becs\u00fclt olvas\u00e1si id\u0151\" \/>\n\t<meta name=\"twitter:data1\" content=\"3 perc\" \/>\n<script type=\"application\/ld+json\" class=\"yoast-schema-graph\">{\"@context\":\"https:\/\/schema.org\",\"@graph\":[{\"@type\":\"WebPage\",\"@id\":\"https:\/\/popz.com\/hu\/karrier\/\",\"url\":\"https:\/\/popz.com\/hu\/karrier\/\",\"name\":\"Karrier\",\"isPartOf\":{\"@id\":\"https:\/\/popz.com\/hu\/#website\"},\"datePublished\":\"2023-07-16T04:45:07+00:00\",\"dateModified\":\"2023-12-07T10:02:22+00:00\",\"breadcrumb\":{\"@id\":\"https:\/\/popz.com\/hu\/karrier\/#breadcrumb\"},\"inLanguage\":\"hu\",\"potentialAction\":[{\"@type\":\"ReadAction\",\"target\":[\"https:\/\/popz.com\/hu\/karrier\/\"]}]},{\"@type\":\"BreadcrumbList\",\"@id\":\"https:\/\/popz.com\/hu\/karrier\/#breadcrumb\",\"itemListElement\":[{\"@type\":\"ListItem\",\"position\":1,\"name\":\"F\u0151oldal\",\"item\":\"https:\/\/popz.com\/hu\/\"},{\"@type\":\"ListItem\",\"position\":2,\"name\":\"Karrier\"}]},{\"@type\":\"WebSite\",\"@id\":\"https:\/\/popz.com\/hu\/#website\",\"url\":\"https:\/\/popz.com\/hu\/\",\"name\":\"Popz - az ehet\u0151 legjobb popcorn\",\"description\":\"Popz - az igazi otthoni mozi\u00e9lm\u00e9ny\u00e9rt\",\"potentialAction\":[{\"@type\":\"SearchAction\",\"target\":{\"@type\":\"EntryPoint\",\"urlTemplate\":\"https:\/\/popz.com\/hu\/?s={search_term_string}\"},\"query-input\":{\"@type\":\"PropertyValueSpecification\",\"valueRequired\":true,\"valueName\":\"search_term_string\"}}],\"inLanguage\":\"hu\"}]}<\/script>\n<!-- \/ Yoast SEO plugin. -->","yoast_head_json":{"title":"Karrier","robots":{"index":"index","follow":"follow","max-snippet":"max-snippet:-1","max-image-preview":"max-image-preview:large","max-video-preview":"max-video-preview:-1"},"canonical":"https:\/\/popz.com\/hu\/karrier\/","twitter_card":"summary_large_image","twitter_title":"Karrier","twitter_description":"A POPZ a k\u00fcl\u00f6nf\u00e9le pattogatott kukorica term\u00e9kek egyik vezet\u0151 gy\u00e1rt\u00f3ja, term\u00e9keit vil\u00e1gszerte t\u00f6bb mint harminc orsz\u00e1gban forgalmazza. A POPZ mikrohull\u00e1m\u00fa [&hellip;]","twitter_misc":{"Becs\u00fclt olvas\u00e1si id\u0151":"3 perc"},"schema":{"@context":"https:\/\/schema.org","@graph":[{"@type":"WebPage","@id":"https:\/\/popz.com\/hu\/karrier\/","url":"https:\/\/popz.com\/hu\/karrier\/","name":"Karrier","isPartOf":{"@id":"https:\/\/popz.com\/hu\/#website"},"datePublished":"2023-07-16T04:45:07+00:00","dateModified":"2023-12-07T10:02:22+00:00","breadcrumb":{"@id":"https:\/\/popz.com\/hu\/karrier\/#breadcrumb"},"inLanguage":"hu","potentialAction":[{"@type":"ReadAction","target":["https:\/\/popz.com\/hu\/karrier\/"]}]},{"@type":"BreadcrumbList","@id":"https:\/\/popz.com\/hu\/karrier\/#breadcrumb","itemListElement":[{"@type":"ListItem","position":1,"name":"F\u0151oldal","item":"https:\/\/popz.com\/hu\/"},{"@type":"ListItem","position":2,"name":"Karrier"}]},{"@type":"WebSite","@id":"https:\/\/popz.com\/hu\/#website","url":"https:\/\/popz.com\/hu\/","name":"Popz - az ehet\u0151 legjobb popcorn","description":"Popz - az igazi otthoni mozi\u00e9lm\u00e9ny\u00e9rt","potentialAction":[{"@type":"SearchAction","target":{"@type":"EntryPoint","urlTemplate":"https:\/\/popz.com\/hu\/?s={search_term_string}"},"query-input":{"@type":"PropertyValueSpecification","valueRequired":true,"valueName":"search_term_string"}}],"inLanguage":"hu"}]}},"_links":{"self":[{"href":"https:\/\/popz.com\/hu\/wp-json\/wp\/v2\/pages\/10726","targetHints":{"allow":["GET"]}}],"collection":[{"href":"https:\/\/popz.com\/hu\/wp-json\/wp\/v2\/pages"}],"about":[{"href":"https:\/\/popz.com\/hu\/wp-json\/wp\/v2\/types\/page"}],"author":[{"embeddable":true,"href":"https:\/\/popz.com\/hu\/wp-json\/wp\/v2\/users\/1"}],"replies":[{"embeddable":true,"href":"https:\/\/popz.com\/hu\/wp-json\/wp\/v2\/comments?post=10726"}],"version-history":[{"count":5,"href":"https:\/\/popz.com\/hu\/wp-json\/wp\/v2\/pages\/10726\/revisions"}],"predecessor-version":[{"id":10927,"href":"https:\/\/popz.com\/hu\/wp-json\/wp\/v2\/pages\/10726\/revisions\/10927"}],"wp:attachment":[{"href":"https:\/\/popz.com\/hu\/wp-json\/wp\/v2\/media?parent=10726"}],"curies":[{"name":"wp","href":"https:\/\/api.w.org\/{rel}","templated":true}]}}