{"id":11,"date":"2015-08-07T13:09:12","date_gmt":"2015-08-07T13:09:12","guid":{"rendered":"https:\/\/popz.com\/hu\/?page_id=11"},"modified":"2015-08-09T12:11:53","modified_gmt":"2015-08-09T12:11:53","slug":"a-popz-kronikaja","status":"publish","type":"page","link":"https:\/\/popz.com\/hu\/a-popz-kronikaja\/","title":{"rendered":"A Popz kr\u00f3nik\u00e1ja"},"content":{"rendered":"","protected":false},"excerpt":{"rendered":"","protected":false},"author":1,"featured_media":0,"parent":0,"menu_order":0,"comment_status":"open","ping_status":"open","template":"page-timeline.php","meta":{"footnotes":""},"class_list":["post-11","page","type-page","status-publish","hentry"],"yoast_head":"<!-- This site is optimized with the Yoast SEO plugin v27.2 - https:\/\/yoast.com\/product\/yoast-seo-wordpress\/ -->\n<title>A Popz kr\u00f3nik\u00e1ja<\/title>\n<meta name=\"robots\" content=\"index, follow, max-snippet:-1, max-image-preview:large, max-video-preview:-1\" \/>\n<link rel=\"canonical\" href=\"https:\/\/popz.com\/hu\/a-popz-kronikaja\/\" \/>\n<meta name=\"twitter:card\" content=\"summary_large_image\" \/>\n<meta name=\"twitter:title\" content=\"A Popz kr\u00f3nik\u00e1ja\" \/>\n<script type=\"application\/ld+json\" class=\"yoast-schema-graph\">{\"@context\":\"https:\/\/schema.org\",\"@graph\":[{\"@type\":\"WebPage\",\"@id\":\"https:\/\/popz.com\/hu\/a-popz-kronikaja\/\",\"url\":\"https:\/\/popz.com\/hu\/a-popz-kronikaja\/\",\"name\":\"A Popz kr\u00f3nik\u00e1ja\",\"isPartOf\":{\"@id\":\"https:\/\/popz.com\/hu\/#website\"},\"datePublished\":\"2015-08-07T13:09:12+00:00\",\"dateModified\":\"2015-08-09T12:11:53+00:00\",\"breadcrumb\":{\"@id\":\"https:\/\/popz.com\/hu\/a-popz-kronikaja\/#breadcrumb\"},\"inLanguage\":\"hu\",\"potentialAction\":[{\"@type\":\"ReadAction\",\"target\":[\"https:\/\/popz.com\/hu\/a-popz-kronikaja\/\"]}]},{\"@type\":\"BreadcrumbList\",\"@id\":\"https:\/\/popz.com\/hu\/a-popz-kronikaja\/#breadcrumb\",\"itemListElement\":[{\"@type\":\"ListItem\",\"position\":1,\"name\":\"F\u0151oldal\",\"item\":\"https:\/\/popz.com\/hu\/\"},{\"@type\":\"ListItem\",\"position\":2,\"name\":\"A Popz kr\u00f3nik\u00e1ja\"}]},{\"@type\":\"WebSite\",\"@id\":\"https:\/\/popz.com\/hu\/#website\",\"url\":\"https:\/\/popz.com\/hu\/\",\"name\":\"Popz - az ehet\u0151 legjobb popcorn\",\"description\":\"Popz - az igazi otthoni mozi\u00e9lm\u00e9ny\u00e9rt\",\"potentialAction\":[{\"@type\":\"SearchAction\",\"target\":{\"@type\":\"EntryPoint\",\"urlTemplate\":\"https:\/\/popz.com\/hu\/?s={search_term_string}\"},\"query-input\":{\"@type\":\"PropertyValueSpecification\",\"valueRequired\":true,\"valueName\":\"search_term_string\"}}],\"inLanguage\":\"hu\"}]}<\/script>\n<!-- \/ Yoast SEO plugin. -->","yoast_head_json":{"title":"A Popz kr\u00f3nik\u00e1ja","robots":{"index":"index","follow":"follow","max-snippet":"max-snippet:-1","max-image-preview":"max-image-preview:large","max-video-preview":"max-video-preview:-1"},"canonical":"https:\/\/popz.com\/hu\/a-popz-kronikaja\/","twitter_card":"summary_large_image","twitter_title":"A Popz kr\u00f3nik\u00e1ja","schema":{"@context":"https:\/\/schema.org","@graph":[{"@type":"WebPage","@id":"https:\/\/popz.com\/hu\/a-popz-kronikaja\/","url":"https:\/\/popz.com\/hu\/a-popz-kronikaja\/","name":"A Popz kr\u00f3nik\u00e1ja","isPartOf":{"@id":"https:\/\/popz.com\/hu\/#website"},"datePublished":"2015-08-07T13:09:12+00:00","dateModified":"2015-08-09T12:11:53+00:00","breadcrumb":{"@id":"https:\/\/popz.com\/hu\/a-popz-kronikaja\/#breadcrumb"},"inLanguage":"hu","potentialAction":[{"@type":"ReadAction","target":["https:\/\/popz.com\/hu\/a-popz-kronikaja\/"]}]},{"@type":"BreadcrumbList","@id":"https:\/\/popz.com\/hu\/a-popz-kronikaja\/#breadcrumb","itemListElement":[{"@type":"ListItem","position":1,"name":"F\u0151oldal","item":"https:\/\/popz.com\/hu\/"},{"@type":"ListItem","position":2,"name":"A Popz kr\u00f3nik\u00e1ja"}]},{"@type":"WebSite","@id":"https:\/\/popz.com\/hu\/#website","url":"https:\/\/popz.com\/hu\/","name":"Popz - az ehet\u0151 legjobb popcorn","description":"Popz - az igazi otthoni mozi\u00e9lm\u00e9ny\u00e9rt","potentialAction":[{"@type":"SearchAction","target":{"@type":"EntryPoint","urlTemplate":"https:\/\/popz.com\/hu\/?s={search_term_string}"},"query-input":{"@type":"PropertyValueSpecification","valueRequired":true,"valueName":"search_term_string"}}],"inLanguage":"hu"}]}},"_links":{"self":[{"href":"https:\/\/popz.com\/hu\/wp-json\/wp\/v2\/pages\/11","targetHints":{"allow":["GET"]}}],"collection":[{"href":"https:\/\/popz.com\/hu\/wp-json\/wp\/v2\/pages"}],"about":[{"href":"https:\/\/popz.com\/hu\/wp-json\/wp\/v2\/types\/page"}],"author":[{"embeddable":true,"href":"https:\/\/popz.com\/hu\/wp-json\/wp\/v2\/users\/1"}],"replies":[{"embeddable":true,"href":"https:\/\/popz.com\/hu\/wp-json\/wp\/v2\/comments?post=11"}],"version-history":[{"count":1,"href":"https:\/\/popz.com\/hu\/wp-json\/wp\/v2\/pages\/11\/revisions"}],"predecessor-version":[{"id":12,"href":"https:\/\/popz.com\/hu\/wp-json\/wp\/v2\/pages\/11\/revisions\/12"}],"wp:attachment":[{"href":"https:\/\/popz.com\/hu\/wp-json\/wp\/v2\/media?parent=11"}],"curies":[{"name":"wp","href":"https:\/\/api.w.org\/{rel}","templated":true}]}}