{"id":112,"date":"2015-08-10T11:27:27","date_gmt":"2015-08-10T11:27:27","guid":{"rendered":"https:\/\/popz.com\/hu\/?page_id=112"},"modified":"2015-08-12T10:55:49","modified_gmt":"2015-08-12T10:55:49","slug":"a-popcorn-tortenete","status":"publish","type":"page","link":"https:\/\/popz.com\/hu\/a-popcorn-tortenete\/","title":{"rendered":"A popcorn t\u00f6rt\u00e9nete"},"content":{"rendered":"<p>A fellelhet\u0151 bizony\u00edt\u00e9kok szerint az \u00e9szak-amerikai indi\u00e1nok voltak azok, akik feltal\u00e1lt\u00e1k vagy pontosabban felfedezt\u00e9k a popcornt. A t\u00f6rt\u00e9net al\u00e1t\u00e1masztja a v\u00e9letlen felfedez\u00e9s te\u00f3ri\u00e1j\u00e1t, ami \u00fagy hangzik, hogy kukoricaszemek ker\u00fcltek a t\u0171zbe \u00e9s a nagy h\u0151 hat\u00e1s\u00e1ra elkezdtek kipattogni \u00e9s mindenfel\u00e9 sz\u00e1llni.<\/p>\n<p>Az indi\u00e1nok sok\u00e1ig azt hitt\u00e9k, hogy gonosz lelkek szabadultak ki a t\u0171z hat\u00e1s\u00e1ra. De id\u0151vel r\u00e1j\u00f6ttek, hogy nem \u00edgy volt \u00e9s \u201efeh\u00e9r arany\u201d-k\u00e9nt kezdt\u00e9k emlegetni a popcornt, amit szivesen aj\u00e1nd\u00e9koztak az odal\u00e1togat\u00f3knak \u00e9s vend\u00e9geik sz\u00e1m\u00e1ra. Arr\u00f3l is sz\u00f3lnak \u00edr\u00e1sok, hogy Kolombuszt meleg popcornnal vend\u00e9gelt\u00e9k meg l\u00e1togat\u00e1sa sor\u00e1n.<\/p>\n<p>Ha m\u00e9g vissz\u00e1bb megy\u00fcnk az id\u0151ben, akkor az archeol\u00f3gusok \u00e1ltal bizony\u00edtott t\u00e9ny, hogy az inka indi\u00e1nok D\u00e9l-Amerik\u00e1ban is fogyasztottak popcornt az akkori id\u0151kben.<\/p>\n<h2>A popcorn napjainkban<\/h2>\n<p>Ha az \u00e9szaki \u00e9s d\u00e9li indi\u00e1nok popcorn k\u00e9sz\u00edt\u00e9se nagy felfedez\u00e9snek bizonyult akkoriban, akkor napjainkban a mikrohull\u00e1m\u00fa s\u00fct\u0151ben k\u00e9sz\u00edthet\u0151 popcorn kifejleszt\u00e9se \u00e9s gy\u00e1rt\u00e1sa k\u00f6zel olyan horderej\u0171 felfedez\u00e9snek sz\u00e1m\u00edt.<\/p>\n<p>Jim Watkins volt a mikrohull\u00e1m\u00fa popcorn feltal\u00e1l\u00f3ja \u00e9s jelenleg is a Popz USA LLC vezet\u0151je.<\/p>\n<p>A hetvenes \u00e9vekben a kukoricapattogtat\u00f3 g\u00e9p a h\u00e1ztart\u00e1sokban nem volt el\u00e9rhet\u0151 \u00e9s \u00edgy megold\u00e1st kellett tal\u00e1lni arra a probl\u00e9m\u00e1ra, hogy otthon is azonos min\u0151s\u00e9g\u0171 popcornt lehessen fogyasztani, mint amit a filmsz\u00ednh\u00e1zakban \u00e1rus\u00edtottak. Ez\u00e9rt is folyamatosan fejlesztj\u00fck a mikrohull\u00e1m\u00fa popcorn zs\u00e1kokat a jobb min\u0151s\u00e9g \u00e9s biztons\u00e1g \u00e9rdek\u00e9ben, hogy k\u00e9nyelmess\u00e9 \u00e9s egyszer\u0171v\u00e9 tegy\u00fck az otthoni popcorn fogyaszt\u00e1s\u00e1t.<\/p>\n<p><a href=\"https:\/\/popz.com\/hu\/gyakori-kerdesek\/\">Gyakori k\u00e9rd\u00e9sek \u00e9s v\u00e1laszok a popcornnal kapcsolatban -&gt;&gt;<\/a><\/p>\n","protected":false},"excerpt":{"rendered":"<p>A fellelhet\u0151 bizony\u00edt\u00e9kok szerint az \u00e9szak-amerikai indi\u00e1nok voltak azok, akik feltal\u00e1lt\u00e1k vagy pontosabban felfedezt\u00e9k a popcornt. A t\u00f6rt\u00e9net al\u00e1t\u00e1masztja a [&hellip;]<\/p>\n","protected":false},"author":1,"featured_media":0,"parent":0,"menu_order":0,"comment_status":"open","ping_status":"open","template":"","meta":{"footnotes":""},"class_list":["post-112","page","type-page","status-publish","hentry"],"yoast_head":"<!-- This site is optimized with the Yoast SEO plugin v27.2 - https:\/\/yoast.com\/product\/yoast-seo-wordpress\/ -->\n<title>A popcorn t\u00f6rt\u00e9nete<\/title>\n<meta name=\"robots\" content=\"index, follow, max-snippet:-1, max-image-preview:large, max-video-preview:-1\" \/>\n<link rel=\"canonical\" href=\"https:\/\/popz.com\/hu\/a-popcorn-tortenete\/\" \/>\n<meta name=\"twitter:card\" content=\"summary_large_image\" \/>\n<meta name=\"twitter:title\" content=\"A popcorn t\u00f6rt\u00e9nete\" \/>\n<meta name=\"twitter:description\" content=\"A fellelhet\u0151 bizony\u00edt\u00e9kok szerint az \u00e9szak-amerikai indi\u00e1nok voltak azok, akik feltal\u00e1lt\u00e1k vagy pontosabban felfedezt\u00e9k a popcornt. A t\u00f6rt\u00e9net al\u00e1t\u00e1masztja a [&hellip;]\" \/>\n<meta name=\"twitter:label1\" content=\"Becs\u00fclt olvas\u00e1si id\u0151\" \/>\n\t<meta name=\"twitter:data1\" content=\"2 perc\" \/>\n<script type=\"application\/ld+json\" class=\"yoast-schema-graph\">{\"@context\":\"https:\/\/schema.org\",\"@graph\":[{\"@type\":\"WebPage\",\"@id\":\"https:\/\/popz.com\/hu\/a-popcorn-tortenete\/\",\"url\":\"https:\/\/popz.com\/hu\/a-popcorn-tortenete\/\",\"name\":\"A popcorn t\u00f6rt\u00e9nete\",\"isPartOf\":{\"@id\":\"https:\/\/popz.com\/hu\/#website\"},\"datePublished\":\"2015-08-10T11:27:27+00:00\",\"dateModified\":\"2015-08-12T10:55:49+00:00\",\"breadcrumb\":{\"@id\":\"https:\/\/popz.com\/hu\/a-popcorn-tortenete\/#breadcrumb\"},\"inLanguage\":\"hu\",\"potentialAction\":[{\"@type\":\"ReadAction\",\"target\":[\"https:\/\/popz.com\/hu\/a-popcorn-tortenete\/\"]}]},{\"@type\":\"BreadcrumbList\",\"@id\":\"https:\/\/popz.com\/hu\/a-popcorn-tortenete\/#breadcrumb\",\"itemListElement\":[{\"@type\":\"ListItem\",\"position\":1,\"name\":\"F\u0151oldal\",\"item\":\"https:\/\/popz.com\/hu\/\"},{\"@type\":\"ListItem\",\"position\":2,\"name\":\"A popcorn t\u00f6rt\u00e9nete\"}]},{\"@type\":\"WebSite\",\"@id\":\"https:\/\/popz.com\/hu\/#website\",\"url\":\"https:\/\/popz.com\/hu\/\",\"name\":\"Popz - az ehet\u0151 legjobb popcorn\",\"description\":\"Popz - az igazi otthoni mozi\u00e9lm\u00e9ny\u00e9rt\",\"potentialAction\":[{\"@type\":\"SearchAction\",\"target\":{\"@type\":\"EntryPoint\",\"urlTemplate\":\"https:\/\/popz.com\/hu\/?s={search_term_string}\"},\"query-input\":{\"@type\":\"PropertyValueSpecification\",\"valueRequired\":true,\"valueName\":\"search_term_string\"}}],\"inLanguage\":\"hu\"}]}<\/script>\n<!-- \/ Yoast SEO plugin. -->","yoast_head_json":{"title":"A popcorn t\u00f6rt\u00e9nete","robots":{"index":"index","follow":"follow","max-snippet":"max-snippet:-1","max-image-preview":"max-image-preview:large","max-video-preview":"max-video-preview:-1"},"canonical":"https:\/\/popz.com\/hu\/a-popcorn-tortenete\/","twitter_card":"summary_large_image","twitter_title":"A popcorn t\u00f6rt\u00e9nete","twitter_description":"A fellelhet\u0151 bizony\u00edt\u00e9kok szerint az \u00e9szak-amerikai indi\u00e1nok voltak azok, akik feltal\u00e1lt\u00e1k vagy pontosabban felfedezt\u00e9k a popcornt. A t\u00f6rt\u00e9net al\u00e1t\u00e1masztja a [&hellip;]","twitter_misc":{"Becs\u00fclt olvas\u00e1si id\u0151":"2 perc"},"schema":{"@context":"https:\/\/schema.org","@graph":[{"@type":"WebPage","@id":"https:\/\/popz.com\/hu\/a-popcorn-tortenete\/","url":"https:\/\/popz.com\/hu\/a-popcorn-tortenete\/","name":"A popcorn t\u00f6rt\u00e9nete","isPartOf":{"@id":"https:\/\/popz.com\/hu\/#website"},"datePublished":"2015-08-10T11:27:27+00:00","dateModified":"2015-08-12T10:55:49+00:00","breadcrumb":{"@id":"https:\/\/popz.com\/hu\/a-popcorn-tortenete\/#breadcrumb"},"inLanguage":"hu","potentialAction":[{"@type":"ReadAction","target":["https:\/\/popz.com\/hu\/a-popcorn-tortenete\/"]}]},{"@type":"BreadcrumbList","@id":"https:\/\/popz.com\/hu\/a-popcorn-tortenete\/#breadcrumb","itemListElement":[{"@type":"ListItem","position":1,"name":"F\u0151oldal","item":"https:\/\/popz.com\/hu\/"},{"@type":"ListItem","position":2,"name":"A popcorn t\u00f6rt\u00e9nete"}]},{"@type":"WebSite","@id":"https:\/\/popz.com\/hu\/#website","url":"https:\/\/popz.com\/hu\/","name":"Popz - az ehet\u0151 legjobb popcorn","description":"Popz - az igazi otthoni mozi\u00e9lm\u00e9ny\u00e9rt","potentialAction":[{"@type":"SearchAction","target":{"@type":"EntryPoint","urlTemplate":"https:\/\/popz.com\/hu\/?s={search_term_string}"},"query-input":{"@type":"PropertyValueSpecification","valueRequired":true,"valueName":"search_term_string"}}],"inLanguage":"hu"}]}},"_links":{"self":[{"href":"https:\/\/popz.com\/hu\/wp-json\/wp\/v2\/pages\/112","targetHints":{"allow":["GET"]}}],"collection":[{"href":"https:\/\/popz.com\/hu\/wp-json\/wp\/v2\/pages"}],"about":[{"href":"https:\/\/popz.com\/hu\/wp-json\/wp\/v2\/types\/page"}],"author":[{"embeddable":true,"href":"https:\/\/popz.com\/hu\/wp-json\/wp\/v2\/users\/1"}],"replies":[{"embeddable":true,"href":"https:\/\/popz.com\/hu\/wp-json\/wp\/v2\/comments?post=112"}],"version-history":[{"count":5,"href":"https:\/\/popz.com\/hu\/wp-json\/wp\/v2\/pages\/112\/revisions"}],"predecessor-version":[{"id":167,"href":"https:\/\/popz.com\/hu\/wp-json\/wp\/v2\/pages\/112\/revisions\/167"}],"wp:attachment":[{"href":"https:\/\/popz.com\/hu\/wp-json\/wp\/v2\/media?parent=112"}],"curies":[{"name":"wp","href":"https:\/\/api.w.org\/{rel}","templated":true}]}}