{"id":11579,"date":"2025-07-10T18:46:48","date_gmt":"2025-07-10T16:46:48","guid":{"rendered":"https:\/\/popz.com\/hu\/?page_id=11579"},"modified":"2026-02-17T11:48:36","modified_gmt":"2026-02-17T09:48:36","slug":"sajtonyilatkozat","status":"publish","type":"page","link":"https:\/\/popz.com\/hu\/sajtonyilatkozat\/","title":{"rendered":"Sajt\u00f3nyilatkozat"},"content":{"rendered":"<h2>Tisztelt V\u00e1s\u00e1rl\u00f3ink!<\/h2>\n<p style=\"text-align: justify;\">A k\u00f6zelm\u00faltban egyes sajt\u00f3org\u00e1numokban olyan cikkek jelentek meg, amelyek a Popz popcorn vajas \u00e9s s\u00f3s \u00edzes\u00edt\u00e9s\u0171 term\u00e9keinek visszah\u00edv\u00e1s\u00e1r\u00f3l sz\u00e1moltak be. E k\u00f6zlem\u00e9nyekben olyan kijelent\u00e9sek is szerepeltek, amelyek val\u00f3s\u00e1got n\u00e9lk\u00fcl\u00f6znek \u00e9s nem bizony\u00edtottak, \u00e1m alkalmasak lehetnek arra, hogy alaptalan aggodalmat keltsenek a fogyaszt\u00f3kban.<\/p>\n<p style=\"text-align: justify;\">Fontosnak tartjuk felh\u00edvni kedves V\u00e1s\u00e1rl\u00f3ink sz\u00edves figyelm\u00e9t arra, hogy a Popz Europe Kft. el\u0151vigy\u00e1zatoss\u00e1gb\u00f3l \u00e9s az ir\u00e1nyad\u00f3 Eur\u00f3pai Uni\u00f3s \u00e9s magyar jogszab\u00e1lyokat betartva \u00f6nk\u00e9ntesen h\u00edvta vissza a Popz popcorn \u2013 t\u00f6bbf\u00e9le \u00edzes\u00edt\u00e9s megnevez\u00e9s\u0171 (vajas \u00e9s s\u00f3s) L099, L106, L103 t\u00e9telsz\u00e1m\u00fa term\u00e9keket. Hangs\u00falyozzuk azonban, hogy a k\u00fclf\u00f6ld\u00f6n elv\u00e9gzett laborat\u00f3riumi vizsg\u00e1lat a pattogatott kukorica szennyez\u0151d\u00e9s\u00e9nek kivizsg\u00e1l\u00e1s\u00e1ra nem terjedt ki, tov\u00e1bb\u00e1 nem mutattak ki vegyszereket a term\u00e9kekben, ellent\u00e9tben bizonyos h\u00edrport\u00e1lon olvashat\u00f3 cikk \u00e1ll\u00edt\u00e1s\u00e1val szemben.<\/p>\n<p style=\"text-align: justify;\">A term\u00e9kvisszah\u00edv\u00e1s mellett C\u00e9g\u00fcnk a legmagasabb szint\u0171 v\u00e1llalati felel\u0151ss\u00e9gv\u00e1llal\u00e1s jegy\u00e9ben \u00f6nk\u00e9ntesen \u00e9s saj\u00e1t bel\u00e1t\u00e1sa alapj\u00e1n d\u00f6nt\u00f6tt, a fogyaszt\u00f3k maxim\u00e1lis v\u00e9delme szem el\u0151tt tart\u00e1s\u00e1val. Ez a l\u00e9p\u00e9s nem jelent elismer\u00e9st, hanem ez a felel\u0151ss\u00e9gteljes \u00e9lelmiszergy\u00e1rt\u00f3i int\u00e9zked\u00e9s.<\/p>\n<p style=\"text-align: justify;\">A Popz Europe Kft. r\u00e9sz\u00e9re term\u00e9szetesen \u00e1tad\u00e1sra ker\u00fclt a csomagol\u00f3anyagok megfelel\u0151s\u00e9g\u00e9t igazol\u00f3 dokument\u00e1ci\u00f3. Az okiratok tartalm\u00e1nak hiteltelens\u00e9g\u00e9re semmilyen jel nem utalt. T\u00e1rsas\u00e1gunk elj\u00e1r\u00e1sa ebben a tekintetben is szakmailag teljesk\u00f6r\u0171 \u00e9s szab\u00e1lyszer\u0171 volt. Az \u00f6nk\u00e9ntes term\u00e9kvisszah\u00edv\u00e1s a felel\u0151s v\u00e1llalati magatart\u00e1s \u00e9s az el\u0151vigy\u00e1zatoss\u00e1g r\u00e9sze, amellyel a legmagasabb szint\u0171 \u00e9lelmiszerbiztons\u00e1gi \u00e9s fogyaszt\u00f3v\u00e9delmi norm\u00e1knak k\u00edv\u00e1nunk megfelelni.<\/p>\n<p style=\"text-align: justify;\">A k\u00e9rd\u00e9ses term\u00e9kek kivon\u00e1sra ker\u00fcltek a kereskedelemb\u0151l.<\/p>\n<p style=\"text-align: justify;\">Javasoljuk kedves V\u00e1s\u00e1rl\u00f3inknak, hogy kiz\u00e1r\u00f3lag ellen\u0151rz\u00f6tt \u00e9s hiteles forr\u00e1sokb\u00f3l t\u00e1j\u00e9koz\u00f3djanak, \u00e9s ne engedjenek teret a szenz\u00e1ci\u00f3hajh\u00e1sz, f\u00e9lrevezet\u0151 \u00e1ll\u00edt\u00e1soknak. A Popz Europe Kft. elk\u00f6telezett a legszigor\u00fabb \u00e9lelmiszerbiztons\u00e1gi \u00e9s fogyaszt\u00f3v\u00e9delmi el\u0151\u00edr\u00e1sok betart\u00e1sa mellett, \u00e9s a tov\u00e1bbiakban is minden sz\u00fcks\u00e9ges l\u00e9p\u00e9st megtesz annak \u00e9rdek\u00e9ben, hogy v\u00e1s\u00e1rl\u00f3it biztons\u00e1gban tudhassa.<\/p>\n<p style=\"text-align: justify;\">K\u00f6sz\u00f6nj\u00fck meg\u00e9rt\u00e9s\u00fcket \u00e9s bizalmukat!<\/p>\n<p style=\"text-align: justify;\">Tisztelettel:<br \/>\nPopz Europe Kft.<br \/>\nDebrecen, 2025. 07. 10.<\/p>\n<p><a class=\"wp-block-button__link\" href=\"https:\/\/popz.com\/hu\/fooldal\">Tov\u00e1bb a weboldalra<\/a><\/p>\n","protected":false},"excerpt":{"rendered":"<p>Tisztelt V\u00e1s\u00e1rl\u00f3ink! A k\u00f6zelm\u00faltban egyes sajt\u00f3org\u00e1numokban olyan cikkek jelentek meg, amelyek a Popz popcorn vajas \u00e9s s\u00f3s \u00edzes\u00edt\u00e9s\u0171 term\u00e9keinek visszah\u00edv\u00e1s\u00e1r\u00f3l [&hellip;]<\/p>\n","protected":false},"author":1,"featured_media":0,"parent":0,"menu_order":0,"comment_status":"closed","ping_status":"closed","template":"","meta":{"footnotes":""},"class_list":["post-11579","page","type-page","status-publish","hentry"],"yoast_head":"<!-- This site is optimized with the Yoast SEO plugin v27.2 - https:\/\/yoast.com\/product\/yoast-seo-wordpress\/ -->\n<title>Sajt\u00f3nyilatkozat<\/title>\n<meta name=\"robots\" content=\"index, follow, max-snippet:-1, max-image-preview:large, max-video-preview:-1\" \/>\n<link rel=\"canonical\" href=\"https:\/\/popz.com\/hu\/sajtonyilatkozat\/\" \/>\n<meta name=\"twitter:card\" content=\"summary_large_image\" \/>\n<meta name=\"twitter:title\" content=\"Sajt\u00f3nyilatkozat\" \/>\n<meta name=\"twitter:description\" content=\"Tisztelt V\u00e1s\u00e1rl\u00f3ink! A k\u00f6zelm\u00faltban egyes sajt\u00f3org\u00e1numokban olyan cikkek jelentek meg, amelyek a Popz popcorn vajas \u00e9s s\u00f3s \u00edzes\u00edt\u00e9s\u0171 term\u00e9keinek visszah\u00edv\u00e1s\u00e1r\u00f3l [&hellip;]\" \/>\n<meta name=\"twitter:label1\" content=\"Becs\u00fclt olvas\u00e1si id\u0151\" \/>\n\t<meta name=\"twitter:data1\" content=\"2 perc\" \/>\n<script type=\"application\/ld+json\" class=\"yoast-schema-graph\">{\"@context\":\"https:\/\/schema.org\",\"@graph\":[{\"@type\":\"WebPage\",\"@id\":\"https:\/\/popz.com\/hu\/sajtonyilatkozat\/\",\"url\":\"https:\/\/popz.com\/hu\/sajtonyilatkozat\/\",\"name\":\"Sajt\u00f3nyilatkozat\",\"isPartOf\":{\"@id\":\"https:\/\/popz.com\/hu\/#website\"},\"datePublished\":\"2025-07-10T16:46:48+00:00\",\"dateModified\":\"2026-02-17T09:48:36+00:00\",\"breadcrumb\":{\"@id\":\"https:\/\/popz.com\/hu\/sajtonyilatkozat\/#breadcrumb\"},\"inLanguage\":\"hu\",\"potentialAction\":[{\"@type\":\"ReadAction\",\"target\":[\"https:\/\/popz.com\/hu\/sajtonyilatkozat\/\"]}]},{\"@type\":\"BreadcrumbList\",\"@id\":\"https:\/\/popz.com\/hu\/sajtonyilatkozat\/#breadcrumb\",\"itemListElement\":[{\"@type\":\"ListItem\",\"position\":1,\"name\":\"F\u0151oldal\",\"item\":\"https:\/\/popz.com\/hu\/\"},{\"@type\":\"ListItem\",\"position\":2,\"name\":\"Sajt\u00f3nyilatkozat\"}]},{\"@type\":\"WebSite\",\"@id\":\"https:\/\/popz.com\/hu\/#website\",\"url\":\"https:\/\/popz.com\/hu\/\",\"name\":\"Popz - az ehet\u0151 legjobb popcorn\",\"description\":\"Popz - az igazi otthoni mozi\u00e9lm\u00e9ny\u00e9rt\",\"potentialAction\":[{\"@type\":\"SearchAction\",\"target\":{\"@type\":\"EntryPoint\",\"urlTemplate\":\"https:\/\/popz.com\/hu\/?s={search_term_string}\"},\"query-input\":{\"@type\":\"PropertyValueSpecification\",\"valueRequired\":true,\"valueName\":\"search_term_string\"}}],\"inLanguage\":\"hu\"}]}<\/script>\n<!-- \/ Yoast SEO plugin. -->","yoast_head_json":{"title":"Sajt\u00f3nyilatkozat","robots":{"index":"index","follow":"follow","max-snippet":"max-snippet:-1","max-image-preview":"max-image-preview:large","max-video-preview":"max-video-preview:-1"},"canonical":"https:\/\/popz.com\/hu\/sajtonyilatkozat\/","twitter_card":"summary_large_image","twitter_title":"Sajt\u00f3nyilatkozat","twitter_description":"Tisztelt V\u00e1s\u00e1rl\u00f3ink! A k\u00f6zelm\u00faltban egyes sajt\u00f3org\u00e1numokban olyan cikkek jelentek meg, amelyek a Popz popcorn vajas \u00e9s s\u00f3s \u00edzes\u00edt\u00e9s\u0171 term\u00e9keinek visszah\u00edv\u00e1s\u00e1r\u00f3l [&hellip;]","twitter_misc":{"Becs\u00fclt olvas\u00e1si id\u0151":"2 perc"},"schema":{"@context":"https:\/\/schema.org","@graph":[{"@type":"WebPage","@id":"https:\/\/popz.com\/hu\/sajtonyilatkozat\/","url":"https:\/\/popz.com\/hu\/sajtonyilatkozat\/","name":"Sajt\u00f3nyilatkozat","isPartOf":{"@id":"https:\/\/popz.com\/hu\/#website"},"datePublished":"2025-07-10T16:46:48+00:00","dateModified":"2026-02-17T09:48:36+00:00","breadcrumb":{"@id":"https:\/\/popz.com\/hu\/sajtonyilatkozat\/#breadcrumb"},"inLanguage":"hu","potentialAction":[{"@type":"ReadAction","target":["https:\/\/popz.com\/hu\/sajtonyilatkozat\/"]}]},{"@type":"BreadcrumbList","@id":"https:\/\/popz.com\/hu\/sajtonyilatkozat\/#breadcrumb","itemListElement":[{"@type":"ListItem","position":1,"name":"F\u0151oldal","item":"https:\/\/popz.com\/hu\/"},{"@type":"ListItem","position":2,"name":"Sajt\u00f3nyilatkozat"}]},{"@type":"WebSite","@id":"https:\/\/popz.com\/hu\/#website","url":"https:\/\/popz.com\/hu\/","name":"Popz - az ehet\u0151 legjobb popcorn","description":"Popz - az igazi otthoni mozi\u00e9lm\u00e9ny\u00e9rt","potentialAction":[{"@type":"SearchAction","target":{"@type":"EntryPoint","urlTemplate":"https:\/\/popz.com\/hu\/?s={search_term_string}"},"query-input":{"@type":"PropertyValueSpecification","valueRequired":true,"valueName":"search_term_string"}}],"inLanguage":"hu"}]}},"_links":{"self":[{"href":"https:\/\/popz.com\/hu\/wp-json\/wp\/v2\/pages\/11579","targetHints":{"allow":["GET"]}}],"collection":[{"href":"https:\/\/popz.com\/hu\/wp-json\/wp\/v2\/pages"}],"about":[{"href":"https:\/\/popz.com\/hu\/wp-json\/wp\/v2\/types\/page"}],"author":[{"embeddable":true,"href":"https:\/\/popz.com\/hu\/wp-json\/wp\/v2\/users\/1"}],"replies":[{"embeddable":true,"href":"https:\/\/popz.com\/hu\/wp-json\/wp\/v2\/comments?post=11579"}],"version-history":[{"count":10,"href":"https:\/\/popz.com\/hu\/wp-json\/wp\/v2\/pages\/11579\/revisions"}],"predecessor-version":[{"id":11589,"href":"https:\/\/popz.com\/hu\/wp-json\/wp\/v2\/pages\/11579\/revisions\/11589"}],"wp:attachment":[{"href":"https:\/\/popz.com\/hu\/wp-json\/wp\/v2\/media?parent=11579"}],"curies":[{"name":"wp","href":"https:\/\/api.w.org\/{rel}","templated":true}]}}