{"id":15,"date":"2015-08-07T13:09:43","date_gmt":"2015-08-07T13:09:43","guid":{"rendered":"https:\/\/popz.com\/hu\/?page_id=15"},"modified":"2018-06-13T13:34:19","modified_gmt":"2018-06-13T13:34:19","slug":"kapcsolat","status":"publish","type":"page","link":"https:\/\/popz.com\/hu\/kapcsolat\/","title":{"rendered":"Kapcsolat"},"content":{"rendered":"<div class=\"row contact-card\">\n<p><div class=\"col-lg-3 col-xs-4 text-center\"><img loading=\"lazy\" decoding=\"async\" class=\"alignnone wp-image-129 size-full\" src=\"https:\/\/popz.com\/hu\/wp-content\/uploads\/2015\/08\/popz-popcorn-logo-plain.png\" alt=\"Popz logo\" width=\"200\" height=\"113\" \/><\/div><div class=\"col-lg-9 col-xs-8\">\n<p>POPZ EUROPE KFT.<br \/>\nKigy\u00f3hagyma u. 3<br \/>\n4002 Debrecen<br \/>\nT: +36 52 500 388<br \/>\nF: +36 52 500 389<\/p>\n<p><\/p><\/div><\/p><\/div>\n<div class=\"row contact-card\">\n<p><div class=\"col-lg-3 col-xs-4 text-center\">\n<p><img loading=\"lazy\" decoding=\"async\" class=\"alignnone wp-image-129 size-full\" src=\"https:\/\/popz.com\/hu\/wp-content\/uploads\/2015\/08\/popz-popcorn-logo-plain.png\" alt=\"Popz logo\" width=\"200\" height=\"113\" \/><\/p>\n<p><\/p><\/div><\/p>\n<p><div class=\" col-lg-9 col-xs-8\">\n<p>\u00c9RT\u00c9KES\u00cdT\u00c9S<br \/>\nKigy\u00f3hagyma u. 3<br \/>\n4002 Debrecen<br \/>\nT: +36 52 500 388<br \/>\nE: info@popz.hu<\/p>\n<p><\/p><\/div><\/p><\/div>\n<h2>\u00cdrj nek\u00fcnk!<\/h2>\n<div class=\"contact-page-contact-form\">\n<div class=\"wpcf7 no-js\" id=\"wpcf7-f267-o1\" lang=\"hu-HU\" dir=\"ltr\" data-wpcf7-id=\"267\">\n<div class=\"screen-reader-response\"><p role=\"status\" aria-live=\"polite\" aria-atomic=\"true\"><\/p> <ul><\/ul><\/div>\n<form action=\"\/hu\/wp-json\/wp\/v2\/pages\/15#wpcf7-f267-o1\" method=\"post\" class=\"wpcf7-form init\" aria-label=\"Kapcsolatfelv\u00e9teli \u0171rlap\" novalidate=\"novalidate\" data-status=\"init\">\n<div style=\"display: none;\">\n<input type=\"hidden\" name=\"_wpcf7\" value=\"267\" \/>\n<input type=\"hidden\" name=\"_wpcf7_version\" value=\"6.0.6\" \/>\n<input type=\"hidden\" name=\"_wpcf7_locale\" value=\"hu_HU\" \/>\n<input type=\"hidden\" name=\"_wpcf7_unit_tag\" value=\"wpcf7-f267-o1\" \/>\n<input type=\"hidden\" name=\"_wpcf7_container_post\" value=\"0\" \/>\n<input type=\"hidden\" name=\"_wpcf7_posted_data_hash\" value=\"\" \/>\n<\/div>\n<p><label> N\u00e9v<span style=\"color:red;\">*<\/span><br \/>\n<span class=\"wpcf7-form-control-wrap\" data-name=\"your-name\"><input size=\"40\" maxlength=\"400\" class=\"wpcf7-form-control wpcf7-text wpcf7-validates-as-required\" aria-required=\"true\" aria-invalid=\"false\" value=\"\" type=\"text\" name=\"your-name\" \/><\/span> <\/label>\n<\/p>\n<p><label> Email<span style=\"color:red;\">*<\/span><br \/>\n<span class=\"wpcf7-form-control-wrap\" data-name=\"your-email\"><input size=\"40\" maxlength=\"400\" class=\"wpcf7-form-control wpcf7-email wpcf7-validates-as-required wpcf7-text wpcf7-validates-as-email\" aria-required=\"true\" aria-invalid=\"false\" value=\"\" type=\"email\" name=\"your-email\" \/><\/span> <\/label>\n<\/p>\n<p><label> \u00dczenet<span style=\"color:red;\">*<\/span><br \/>\n<span class=\"wpcf7-form-control-wrap\" data-name=\"your-message\"><textarea cols=\"40\" rows=\"10\" maxlength=\"2000\" class=\"wpcf7-form-control wpcf7-textarea\" aria-invalid=\"false\" name=\"your-message\"><\/textarea><\/span> <\/label>\n<\/p>\n<p><span class=\"wpcf7-form-control-wrap\" data-name=\"quiz-218\"><label><span class=\"wpcf7-quiz-label\">Tizenh\u00e1rom minusz 6?<\/span> <input size=\"40\" class=\"wpcf7-form-control wpcf7-quiz\" autocomplete=\"off\" aria-required=\"true\" aria-invalid=\"false\" type=\"text\" name=\"quiz-218\" \/><\/label><input type=\"hidden\" name=\"_wpcf7_quiz_answer_quiz-218\" value=\"34fd9cc548db69164e4b48b3f8fe1ece\" \/><\/span>\n<\/p>\n<p><input class=\"wpcf7-form-control wpcf7-submit has-spinner\" id=\"contact-form-submit\" type=\"submit\" value=\"K\u00fcld\u00e9s\" \/>\n<\/p><p style=\"display: none !important;\" class=\"akismet-fields-container\" data-prefix=\"_wpcf7_ak_\"><label>&#916;<textarea name=\"_wpcf7_ak_hp_textarea\" cols=\"45\" rows=\"8\" maxlength=\"100\"><\/textarea><\/label><input type=\"hidden\" id=\"ak_js_1\" name=\"_wpcf7_ak_js\" value=\"222\"\/><script>document.getElementById( \"ak_js_1\" ).setAttribute( \"value\", ( new Date() ).getTime() );<\/script><\/p><div class=\"wpcf7-response-output\" aria-hidden=\"true\"><\/div>\n<\/form>\n<\/div>\n<\/div>\n","protected":false},"excerpt":{"rendered":"<p>\u00cdrj nek\u00fcnk!<\/p>\n","protected":false},"author":1,"featured_media":0,"parent":0,"menu_order":0,"comment_status":"open","ping_status":"open","template":"","meta":{"footnotes":""},"class_list":["post-15","page","type-page","status-publish","hentry"],"yoast_head":"<!-- This site is optimized with the Yoast SEO plugin v27.2 - https:\/\/yoast.com\/product\/yoast-seo-wordpress\/ -->\n<title>Kapcsolat<\/title>\n<meta name=\"robots\" content=\"index, follow, max-snippet:-1, max-image-preview:large, max-video-preview:-1\" \/>\n<link rel=\"canonical\" href=\"https:\/\/popz.com\/hu\/kapcsolat\/\" \/>\n<meta name=\"twitter:card\" content=\"summary_large_image\" \/>\n<meta name=\"twitter:title\" content=\"Kapcsolat\" \/>\n<meta name=\"twitter:description\" content=\"\u00cdrj nek\u00fcnk!\" \/>\n<meta name=\"twitter:image\" content=\"https:\/\/popz.com\/hu\/wp-content\/uploads\/2015\/08\/popz-popcorn-logo-plain.png\" \/>\n<script type=\"application\/ld+json\" class=\"yoast-schema-graph\">{\"@context\":\"https:\/\/schema.org\",\"@graph\":[{\"@type\":\"WebPage\",\"@id\":\"https:\/\/popz.com\/hu\/kapcsolat\/\",\"url\":\"https:\/\/popz.com\/hu\/kapcsolat\/\",\"name\":\"Kapcsolat\",\"isPartOf\":{\"@id\":\"https:\/\/popz.com\/hu\/#website\"},\"primaryImageOfPage\":{\"@id\":\"https:\/\/popz.com\/hu\/kapcsolat\/#primaryimage\"},\"image\":{\"@id\":\"https:\/\/popz.com\/hu\/kapcsolat\/#primaryimage\"},\"thumbnailUrl\":\"https:\/\/popz.com\/hu\/wp-content\/uploads\/2015\/08\/popz-popcorn-logo-plain.png\",\"datePublished\":\"2015-08-07T13:09:43+00:00\",\"dateModified\":\"2018-06-13T13:34:19+00:00\",\"breadcrumb\":{\"@id\":\"https:\/\/popz.com\/hu\/kapcsolat\/#breadcrumb\"},\"inLanguage\":\"hu\",\"potentialAction\":[{\"@type\":\"ReadAction\",\"target\":[\"https:\/\/popz.com\/hu\/kapcsolat\/\"]}]},{\"@type\":\"ImageObject\",\"inLanguage\":\"hu\",\"@id\":\"https:\/\/popz.com\/hu\/kapcsolat\/#primaryimage\",\"url\":\"https:\/\/popz.com\/hu\/wp-content\/uploads\/2015\/08\/popz-popcorn-logo-plain.png\",\"contentUrl\":\"https:\/\/popz.com\/hu\/wp-content\/uploads\/2015\/08\/popz-popcorn-logo-plain.png\",\"width\":200,\"height\":113,\"caption\":\"Popz logo\"},{\"@type\":\"BreadcrumbList\",\"@id\":\"https:\/\/popz.com\/hu\/kapcsolat\/#breadcrumb\",\"itemListElement\":[{\"@type\":\"ListItem\",\"position\":1,\"name\":\"F\u0151oldal\",\"item\":\"https:\/\/popz.com\/hu\/\"},{\"@type\":\"ListItem\",\"position\":2,\"name\":\"Kapcsolat\"}]},{\"@type\":\"WebSite\",\"@id\":\"https:\/\/popz.com\/hu\/#website\",\"url\":\"https:\/\/popz.com\/hu\/\",\"name\":\"Popz - az ehet\u0151 legjobb popcorn\",\"description\":\"Popz - az igazi otthoni mozi\u00e9lm\u00e9ny\u00e9rt\",\"potentialAction\":[{\"@type\":\"SearchAction\",\"target\":{\"@type\":\"EntryPoint\",\"urlTemplate\":\"https:\/\/popz.com\/hu\/?s={search_term_string}\"},\"query-input\":{\"@type\":\"PropertyValueSpecification\",\"valueRequired\":true,\"valueName\":\"search_term_string\"}}],\"inLanguage\":\"hu\"}]}<\/script>\n<!-- \/ Yoast SEO plugin. -->","yoast_head_json":{"title":"Kapcsolat","robots":{"index":"index","follow":"follow","max-snippet":"max-snippet:-1","max-image-preview":"max-image-preview:large","max-video-preview":"max-video-preview:-1"},"canonical":"https:\/\/popz.com\/hu\/kapcsolat\/","twitter_card":"summary_large_image","twitter_title":"Kapcsolat","twitter_description":"\u00cdrj nek\u00fcnk!","twitter_image":"https:\/\/popz.com\/hu\/wp-content\/uploads\/2015\/08\/popz-popcorn-logo-plain.png","schema":{"@context":"https:\/\/schema.org","@graph":[{"@type":"WebPage","@id":"https:\/\/popz.com\/hu\/kapcsolat\/","url":"https:\/\/popz.com\/hu\/kapcsolat\/","name":"Kapcsolat","isPartOf":{"@id":"https:\/\/popz.com\/hu\/#website"},"primaryImageOfPage":{"@id":"https:\/\/popz.com\/hu\/kapcsolat\/#primaryimage"},"image":{"@id":"https:\/\/popz.com\/hu\/kapcsolat\/#primaryimage"},"thumbnailUrl":"https:\/\/popz.com\/hu\/wp-content\/uploads\/2015\/08\/popz-popcorn-logo-plain.png","datePublished":"2015-08-07T13:09:43+00:00","dateModified":"2018-06-13T13:34:19+00:00","breadcrumb":{"@id":"https:\/\/popz.com\/hu\/kapcsolat\/#breadcrumb"},"inLanguage":"hu","potentialAction":[{"@type":"ReadAction","target":["https:\/\/popz.com\/hu\/kapcsolat\/"]}]},{"@type":"ImageObject","inLanguage":"hu","@id":"https:\/\/popz.com\/hu\/kapcsolat\/#primaryimage","url":"https:\/\/popz.com\/hu\/wp-content\/uploads\/2015\/08\/popz-popcorn-logo-plain.png","contentUrl":"https:\/\/popz.com\/hu\/wp-content\/uploads\/2015\/08\/popz-popcorn-logo-plain.png","width":200,"height":113,"caption":"Popz logo"},{"@type":"BreadcrumbList","@id":"https:\/\/popz.com\/hu\/kapcsolat\/#breadcrumb","itemListElement":[{"@type":"ListItem","position":1,"name":"F\u0151oldal","item":"https:\/\/popz.com\/hu\/"},{"@type":"ListItem","position":2,"name":"Kapcsolat"}]},{"@type":"WebSite","@id":"https:\/\/popz.com\/hu\/#website","url":"https:\/\/popz.com\/hu\/","name":"Popz - az ehet\u0151 legjobb popcorn","description":"Popz - az igazi otthoni mozi\u00e9lm\u00e9ny\u00e9rt","potentialAction":[{"@type":"SearchAction","target":{"@type":"EntryPoint","urlTemplate":"https:\/\/popz.com\/hu\/?s={search_term_string}"},"query-input":{"@type":"PropertyValueSpecification","valueRequired":true,"valueName":"search_term_string"}}],"inLanguage":"hu"}]}},"_links":{"self":[{"href":"https:\/\/popz.com\/hu\/wp-json\/wp\/v2\/pages\/15","targetHints":{"allow":["GET"]}}],"collection":[{"href":"https:\/\/popz.com\/hu\/wp-json\/wp\/v2\/pages"}],"about":[{"href":"https:\/\/popz.com\/hu\/wp-json\/wp\/v2\/types\/page"}],"author":[{"embeddable":true,"href":"https:\/\/popz.com\/hu\/wp-json\/wp\/v2\/users\/1"}],"replies":[{"embeddable":true,"href":"https:\/\/popz.com\/hu\/wp-json\/wp\/v2\/comments?post=15"}],"version-history":[{"count":5,"href":"https:\/\/popz.com\/hu\/wp-json\/wp\/v2\/pages\/15\/revisions"}],"predecessor-version":[{"id":7923,"href":"https:\/\/popz.com\/hu\/wp-json\/wp\/v2\/pages\/15\/revisions\/7923"}],"wp:attachment":[{"href":"https:\/\/popz.com\/hu\/wp-json\/wp\/v2\/media?parent=15"}],"curies":[{"name":"wp","href":"https:\/\/api.w.org\/{rel}","templated":true}]}}