{"id":17,"date":"2015-08-07T13:10:01","date_gmt":"2015-08-07T13:10:01","guid":{"rendered":"https:\/\/popz.com\/hu\/?page_id=17"},"modified":"2025-08-04T16:07:10","modified_gmt":"2025-08-04T14:07:10","slug":"minosegbiztositas","status":"publish","type":"page","link":"https:\/\/popz.com\/hu\/minosegbiztositas\/","title":{"rendered":"Min\u0151s\u00e9gbiztos\u00edt\u00e1s"},"content":{"rendered":"<h2><img loading=\"lazy\" decoding=\"async\" class=\"alignnone wp-image-134 size-full\" src=\"https:\/\/popz.com\/hu\/wp-content\/uploads\/2015\/08\/Dollarphotoclub_69520979.jpg\" alt=\"Popz quality process\" width=\"900\" height=\"583\" srcset=\"https:\/\/popz.com\/hu\/wp-content\/uploads\/2015\/08\/Dollarphotoclub_69520979.jpg 900w, https:\/\/popz.com\/hu\/wp-content\/uploads\/2015\/08\/Dollarphotoclub_69520979-300x194.jpg 300w\" sizes=\"auto, (max-width: 900px) 100vw, 900px\" \/><\/h2>\n<p>A Popz sz\u00e1m\u00e1ra mindig is kiemelked\u0151en fontos volt, hogy folyamatosan j\u00f3 min\u0151s\u00e9g\u0171 \u00e9lelmiszereket \u00e1ll\u00edtson el\u0151. Ezt szem el\u0151tt tartva \u00e1ll\u00edtjuk el\u0151 \u00e9s \u00e9rt\u00e9kes\u00edtj\u00fck term\u00e9keinket.<br \/>\nK\u00fcl\u00f6n\u00f6sen napjainkban, amikor a h\u00edrek tele vannak \u00e9lelmiszerbiztons\u00e1gi botr\u00e1nyokkal \u00e9s min\u0151s\u00e9g ellen\u0151rz\u00e9si mulaszt\u00e1sokkal, amelyeknek nem szabadna el\u0151fordulni az \u00e9lelmiszeriparban, ha felel\u0151s\u00e9ggel vizsg\u00e1ln\u00e1k az el\u0151\u00e1ll\u00edtott term\u00e9keket az egyes ipar\u00e1gakban.<\/p>\n<h2>A Popz Min\u0151s\u00e9gi Ir\u00e1nyelvei<\/h2>\n<p>A Popz sz\u00e1m\u00e1ra mindig is kiemelked\u0151en fontos volt, hogy folyamatosan j\u00f3 min\u0151s\u00e9g\u0171 \u00e9lelmiszereket \u00e1ll\u00edtson el\u0151 &#8211; az ilyen term\u00e9keket mindig tiszta lelkiismerettel k\u00edn\u00e1ljuk a saj\u00e1t csal\u00e1dunknak is.<\/p>\n<p>Mi teljesen m\u00e9rt\u00e9kben a jogszab\u00e1lyok szerint j\u00e1runk el \u00fagy Magyarorsz\u00e1gon, mint az \u00f6sszes t\u00f6bbi orsz\u00e1gban ahov\u00e1 export\u00e1ljuk term\u00e9keinket.<\/p>\n<p>Tiszteletben tartjuk a v\u00e1s\u00e1rl\u00f3ink \u00e1ltal fel\u00e1ll\u00edtott min\u0151s\u00e9gi elv\u00e1r\u00e1sokat \u00e9s biztos\u00edtjuk azt, hogy a k\u00e9sz term\u00e9k teljes m\u00e9rt\u00e9kben megfeleljen az elv\u00e1r\u00e1saiknak \u00e9s ig\u00e9nyeiknek.<\/p>\n<p>Annak \u00e9rdek\u00e9ben, hogy garant\u00e1lni tudjuk, hogy k\u00f6vetj\u00fck a Popz Min\u0151s\u00e9gpolitik\u00e1j\u00e1t, a vezet\u0151s\u00e9g egy a HACCP, BRC \u00e1ltal fel\u00e1ll\u00edtott min\u0151s\u00e9gbiztos\u00edt\u00e1si rendszert vezetett be, amely sor\u00e1n folyamatosan gondoskodunk arr\u00f3l, hogy dolgoz\u00f3ink el\u00e9rj\u00e9k a lehet\u0151 legmagasabb szint\u0171 k\u00e9pzetts\u00e9get a min\u0151s\u00e9g \u00e9s biztons\u00e1g ter\u00e9n.<\/p>\n<h2>A Popz Min\u0151s\u00e9gtan\u00fas\u00edt\u00e1sa a BRC-t\u0151l<\/h2>\n<p>A kisz\u00e1m\u00edthat\u00f3 min\u0151s\u00e9g\u00e9rt a BRC (Brit Kereskedelmi Konzorcium) \u00e1ltal el\u0151\u00edrt szabv\u00e1nyokhoz igazod\u00f3 termel\u00e9sir\u00e1ny\u00edt\u00e1si rendszert vezett\u00fcnk be. A Popz els\u0151 k\u00f6rben elnyerte a legmagasabb \u00e9lelmiszer-biztons\u00e1gi k\u00f6vetelm\u00e9nyeknek val\u00f3 megfelel\u00e9st jelent\u0151 \u201eA\u201d tan\u00fas\u00edt\u00e1st a BRC-t\u0151l 2006-ban, ami a lehet\u0151 legjobb \u00e9rt\u00e9kel\u00e9s \u00e9s amelyet nagyon ritk\u00e1n osztanak az els\u0151 pr\u00f3b\u00e1lkoz\u00e1s sor\u00e1n. Tov\u00e1bb\u00e1 ezt az \u00e9rt\u00e9kel\u00e9st a Popz m\u0171k\u00f6d\u00e9s\u00e9nek minden \u00e9v\u00e9ben sikeresen meg is \u00faj\u00edtotta 2007 \u00e9s 2025 k\u00f6z\u00f6tt.<\/p>\n","protected":false},"excerpt":{"rendered":"<p>A Popz sz\u00e1m\u00e1ra mindig is kiemelked\u0151en fontos volt, hogy folyamatosan j\u00f3 min\u0151s\u00e9g\u0171 \u00e9lelmiszereket \u00e1ll\u00edtson el\u0151. Ezt szem el\u0151tt tartva \u00e1ll\u00edtjuk [&hellip;]<\/p>\n","protected":false},"author":1,"featured_media":0,"parent":0,"menu_order":0,"comment_status":"open","ping_status":"open","template":"","meta":{"footnotes":""},"class_list":["post-17","page","type-page","status-publish","hentry"],"yoast_head":"<!-- This site is optimized with the Yoast SEO plugin v27.2 - https:\/\/yoast.com\/product\/yoast-seo-wordpress\/ -->\n<title>Min\u0151s\u00e9gbiztos\u00edt\u00e1s<\/title>\n<meta name=\"robots\" content=\"index, follow, max-snippet:-1, max-image-preview:large, max-video-preview:-1\" \/>\n<link rel=\"canonical\" href=\"https:\/\/popz.com\/hu\/minosegbiztositas\/\" \/>\n<meta name=\"twitter:card\" content=\"summary_large_image\" \/>\n<meta name=\"twitter:title\" content=\"Min\u0151s\u00e9gbiztos\u00edt\u00e1s\" \/>\n<meta name=\"twitter:description\" content=\"A Popz sz\u00e1m\u00e1ra mindig is kiemelked\u0151en fontos volt, hogy folyamatosan j\u00f3 min\u0151s\u00e9g\u0171 \u00e9lelmiszereket \u00e1ll\u00edtson el\u0151. Ezt szem el\u0151tt tartva \u00e1ll\u00edtjuk [&hellip;]\" \/>\n<meta name=\"twitter:image\" content=\"https:\/\/popz.com\/hu\/wp-content\/uploads\/2015\/08\/Dollarphotoclub_69520979.jpg\" \/>\n<meta name=\"twitter:label1\" content=\"Becs\u00fclt olvas\u00e1si id\u0151\" \/>\n\t<meta name=\"twitter:data1\" content=\"2 perc\" \/>\n<script type=\"application\/ld+json\" class=\"yoast-schema-graph\">{\"@context\":\"https:\/\/schema.org\",\"@graph\":[{\"@type\":\"WebPage\",\"@id\":\"https:\/\/popz.com\/hu\/minosegbiztositas\/\",\"url\":\"https:\/\/popz.com\/hu\/minosegbiztositas\/\",\"name\":\"Min\u0151s\u00e9gbiztos\u00edt\u00e1s\",\"isPartOf\":{\"@id\":\"https:\/\/popz.com\/hu\/#website\"},\"primaryImageOfPage\":{\"@id\":\"https:\/\/popz.com\/hu\/minosegbiztositas\/#primaryimage\"},\"image\":{\"@id\":\"https:\/\/popz.com\/hu\/minosegbiztositas\/#primaryimage\"},\"thumbnailUrl\":\"https:\/\/popz.com\/hu\/wp-content\/uploads\/2015\/08\/Dollarphotoclub_69520979.jpg\",\"datePublished\":\"2015-08-07T13:10:01+00:00\",\"dateModified\":\"2025-08-04T14:07:10+00:00\",\"breadcrumb\":{\"@id\":\"https:\/\/popz.com\/hu\/minosegbiztositas\/#breadcrumb\"},\"inLanguage\":\"hu\",\"potentialAction\":[{\"@type\":\"ReadAction\",\"target\":[\"https:\/\/popz.com\/hu\/minosegbiztositas\/\"]}]},{\"@type\":\"ImageObject\",\"inLanguage\":\"hu\",\"@id\":\"https:\/\/popz.com\/hu\/minosegbiztositas\/#primaryimage\",\"url\":\"https:\/\/popz.com\/hu\/wp-content\/uploads\/2015\/08\/Dollarphotoclub_69520979.jpg\",\"contentUrl\":\"https:\/\/popz.com\/hu\/wp-content\/uploads\/2015\/08\/Dollarphotoclub_69520979.jpg\",\"width\":900,\"height\":583},{\"@type\":\"BreadcrumbList\",\"@id\":\"https:\/\/popz.com\/hu\/minosegbiztositas\/#breadcrumb\",\"itemListElement\":[{\"@type\":\"ListItem\",\"position\":1,\"name\":\"F\u0151oldal\",\"item\":\"https:\/\/popz.com\/hu\/\"},{\"@type\":\"ListItem\",\"position\":2,\"name\":\"Min\u0151s\u00e9gbiztos\u00edt\u00e1s\"}]},{\"@type\":\"WebSite\",\"@id\":\"https:\/\/popz.com\/hu\/#website\",\"url\":\"https:\/\/popz.com\/hu\/\",\"name\":\"Popz - az ehet\u0151 legjobb popcorn\",\"description\":\"Popz - az igazi otthoni mozi\u00e9lm\u00e9ny\u00e9rt\",\"potentialAction\":[{\"@type\":\"SearchAction\",\"target\":{\"@type\":\"EntryPoint\",\"urlTemplate\":\"https:\/\/popz.com\/hu\/?s={search_term_string}\"},\"query-input\":{\"@type\":\"PropertyValueSpecification\",\"valueRequired\":true,\"valueName\":\"search_term_string\"}}],\"inLanguage\":\"hu\"}]}<\/script>\n<!-- \/ Yoast SEO plugin. -->","yoast_head_json":{"title":"Min\u0151s\u00e9gbiztos\u00edt\u00e1s","robots":{"index":"index","follow":"follow","max-snippet":"max-snippet:-1","max-image-preview":"max-image-preview:large","max-video-preview":"max-video-preview:-1"},"canonical":"https:\/\/popz.com\/hu\/minosegbiztositas\/","twitter_card":"summary_large_image","twitter_title":"Min\u0151s\u00e9gbiztos\u00edt\u00e1s","twitter_description":"A Popz sz\u00e1m\u00e1ra mindig is kiemelked\u0151en fontos volt, hogy folyamatosan j\u00f3 min\u0151s\u00e9g\u0171 \u00e9lelmiszereket \u00e1ll\u00edtson el\u0151. Ezt szem el\u0151tt tartva \u00e1ll\u00edtjuk [&hellip;]","twitter_image":"https:\/\/popz.com\/hu\/wp-content\/uploads\/2015\/08\/Dollarphotoclub_69520979.jpg","twitter_misc":{"Becs\u00fclt olvas\u00e1si id\u0151":"2 perc"},"schema":{"@context":"https:\/\/schema.org","@graph":[{"@type":"WebPage","@id":"https:\/\/popz.com\/hu\/minosegbiztositas\/","url":"https:\/\/popz.com\/hu\/minosegbiztositas\/","name":"Min\u0151s\u00e9gbiztos\u00edt\u00e1s","isPartOf":{"@id":"https:\/\/popz.com\/hu\/#website"},"primaryImageOfPage":{"@id":"https:\/\/popz.com\/hu\/minosegbiztositas\/#primaryimage"},"image":{"@id":"https:\/\/popz.com\/hu\/minosegbiztositas\/#primaryimage"},"thumbnailUrl":"https:\/\/popz.com\/hu\/wp-content\/uploads\/2015\/08\/Dollarphotoclub_69520979.jpg","datePublished":"2015-08-07T13:10:01+00:00","dateModified":"2025-08-04T14:07:10+00:00","breadcrumb":{"@id":"https:\/\/popz.com\/hu\/minosegbiztositas\/#breadcrumb"},"inLanguage":"hu","potentialAction":[{"@type":"ReadAction","target":["https:\/\/popz.com\/hu\/minosegbiztositas\/"]}]},{"@type":"ImageObject","inLanguage":"hu","@id":"https:\/\/popz.com\/hu\/minosegbiztositas\/#primaryimage","url":"https:\/\/popz.com\/hu\/wp-content\/uploads\/2015\/08\/Dollarphotoclub_69520979.jpg","contentUrl":"https:\/\/popz.com\/hu\/wp-content\/uploads\/2015\/08\/Dollarphotoclub_69520979.jpg","width":900,"height":583},{"@type":"BreadcrumbList","@id":"https:\/\/popz.com\/hu\/minosegbiztositas\/#breadcrumb","itemListElement":[{"@type":"ListItem","position":1,"name":"F\u0151oldal","item":"https:\/\/popz.com\/hu\/"},{"@type":"ListItem","position":2,"name":"Min\u0151s\u00e9gbiztos\u00edt\u00e1s"}]},{"@type":"WebSite","@id":"https:\/\/popz.com\/hu\/#website","url":"https:\/\/popz.com\/hu\/","name":"Popz - az ehet\u0151 legjobb popcorn","description":"Popz - az igazi otthoni mozi\u00e9lm\u00e9ny\u00e9rt","potentialAction":[{"@type":"SearchAction","target":{"@type":"EntryPoint","urlTemplate":"https:\/\/popz.com\/hu\/?s={search_term_string}"},"query-input":{"@type":"PropertyValueSpecification","valueRequired":true,"valueName":"search_term_string"}}],"inLanguage":"hu"}]}},"_links":{"self":[{"href":"https:\/\/popz.com\/hu\/wp-json\/wp\/v2\/pages\/17","targetHints":{"allow":["GET"]}}],"collection":[{"href":"https:\/\/popz.com\/hu\/wp-json\/wp\/v2\/pages"}],"about":[{"href":"https:\/\/popz.com\/hu\/wp-json\/wp\/v2\/types\/page"}],"author":[{"embeddable":true,"href":"https:\/\/popz.com\/hu\/wp-json\/wp\/v2\/users\/1"}],"replies":[{"embeddable":true,"href":"https:\/\/popz.com\/hu\/wp-json\/wp\/v2\/comments?post=17"}],"version-history":[{"count":6,"href":"https:\/\/popz.com\/hu\/wp-json\/wp\/v2\/pages\/17\/revisions"}],"predecessor-version":[{"id":11680,"href":"https:\/\/popz.com\/hu\/wp-json\/wp\/v2\/pages\/17\/revisions\/11680"}],"wp:attachment":[{"href":"https:\/\/popz.com\/hu\/wp-json\/wp\/v2\/media?parent=17"}],"curies":[{"name":"wp","href":"https:\/\/api.w.org\/{rel}","templated":true}]}}