{"id":19,"date":"2015-08-07T13:10:11","date_gmt":"2015-08-07T13:10:11","guid":{"rendered":"https:\/\/popz.com\/hu\/?page_id=19"},"modified":"2018-01-02T14:24:57","modified_gmt":"2018-01-02T14:24:57","slug":"allergenek","status":"publish","type":"page","link":"https:\/\/popz.com\/hu\/allergenek\/","title":{"rendered":"Allerg\u00e9nek"},"content":{"rendered":"<p>A Popz sz\u00e1m\u00e1ra mindig is kiemelked\u0151en fontos volt, hogy folyamatosan j\u00f3 min\u0151s\u00e9g\u0171 \u00e9lelmiszereket \u00e1ll\u00edtson el\u0151 &#8211; az ilyen term\u00e9keket mindig tiszta lelkiismerettel k\u00edn\u00e1ljuk a saj\u00e1t csal\u00e1dunknak is.<\/p>\n<p>Szeretn\u00e9nk meggy\u0151z\u0151dni arr\u00f3l, hogy \u00d6n, mint fogyaszt\u00f3 nyugodtan fogyaszthatja term\u00e9keinket, m\u00e9g akkor is ha allergi\u00e1s, ez\u00e9rt k\u00e9sz\u00edtett\u00fcnk egy t\u00e1bl\u00e1zatot a term\u00e9keinben tal\u00e1lhat\u00f3 allerg\u00e9nekr\u0151l.<\/p>\n<p>&nbsp;<\/p>\n<p><img loading=\"lazy\" decoding=\"async\" class=\"alignnone size-full wp-image-7649\" src=\"https:\/\/popz.com\/hu\/wp-content\/uploads\/2018\/01\/Allergenek.jpg\" alt=\"\" width=\"898\" height=\"471\" srcset=\"https:\/\/popz.com\/hu\/wp-content\/uploads\/2018\/01\/Allergenek.jpg 898w, https:\/\/popz.com\/hu\/wp-content\/uploads\/2018\/01\/Allergenek-300x157.jpg 300w, https:\/\/popz.com\/hu\/wp-content\/uploads\/2018\/01\/Allergenek-768x403.jpg 768w\" sizes=\"auto, (max-width: 898px) 100vw, 898px\" \/><\/p>\n<p>&nbsp;<\/p>\n","protected":false},"excerpt":{"rendered":"<p>A Popz sz\u00e1m\u00e1ra mindig is kiemelked\u0151en fontos volt, hogy folyamatosan j\u00f3 min\u0151s\u00e9g\u0171 \u00e9lelmiszereket \u00e1ll\u00edtson el\u0151 &#8211; az ilyen term\u00e9keket mindig [&hellip;]<\/p>\n","protected":false},"author":1,"featured_media":0,"parent":0,"menu_order":0,"comment_status":"open","ping_status":"open","template":"","meta":{"footnotes":""},"class_list":["post-19","page","type-page","status-publish","hentry"],"yoast_head":"<!-- This site is optimized with the Yoast SEO plugin v27.2 - https:\/\/yoast.com\/product\/yoast-seo-wordpress\/ -->\n<title>Allerg\u00e9nek<\/title>\n<meta name=\"robots\" content=\"index, follow, max-snippet:-1, max-image-preview:large, max-video-preview:-1\" \/>\n<link rel=\"canonical\" href=\"https:\/\/popz.com\/hu\/allergenek\/\" \/>\n<meta name=\"twitter:card\" content=\"summary_large_image\" \/>\n<meta name=\"twitter:title\" content=\"Allerg\u00e9nek\" \/>\n<meta name=\"twitter:description\" content=\"A Popz sz\u00e1m\u00e1ra mindig is kiemelked\u0151en fontos volt, hogy folyamatosan j\u00f3 min\u0151s\u00e9g\u0171 \u00e9lelmiszereket \u00e1ll\u00edtson el\u0151 &#8211; az ilyen term\u00e9keket mindig [&hellip;]\" \/>\n<meta name=\"twitter:image\" content=\"https:\/\/popz.com\/hu\/wp-content\/uploads\/2018\/01\/Allergenek.jpg\" \/>\n<script type=\"application\/ld+json\" class=\"yoast-schema-graph\">{\"@context\":\"https:\/\/schema.org\",\"@graph\":[{\"@type\":\"WebPage\",\"@id\":\"https:\/\/popz.com\/hu\/allergenek\/\",\"url\":\"https:\/\/popz.com\/hu\/allergenek\/\",\"name\":\"Allerg\u00e9nek\",\"isPartOf\":{\"@id\":\"https:\/\/popz.com\/hu\/#website\"},\"primaryImageOfPage\":{\"@id\":\"https:\/\/popz.com\/hu\/allergenek\/#primaryimage\"},\"image\":{\"@id\":\"https:\/\/popz.com\/hu\/allergenek\/#primaryimage\"},\"thumbnailUrl\":\"https:\/\/popz.com\/hu\/wp-content\/uploads\/2018\/01\/Allergenek.jpg\",\"datePublished\":\"2015-08-07T13:10:11+00:00\",\"dateModified\":\"2018-01-02T14:24:57+00:00\",\"breadcrumb\":{\"@id\":\"https:\/\/popz.com\/hu\/allergenek\/#breadcrumb\"},\"inLanguage\":\"hu\",\"potentialAction\":[{\"@type\":\"ReadAction\",\"target\":[\"https:\/\/popz.com\/hu\/allergenek\/\"]}]},{\"@type\":\"ImageObject\",\"inLanguage\":\"hu\",\"@id\":\"https:\/\/popz.com\/hu\/allergenek\/#primaryimage\",\"url\":\"https:\/\/popz.com\/hu\/wp-content\/uploads\/2018\/01\/Allergenek.jpg\",\"contentUrl\":\"https:\/\/popz.com\/hu\/wp-content\/uploads\/2018\/01\/Allergenek.jpg\",\"width\":898,\"height\":471},{\"@type\":\"BreadcrumbList\",\"@id\":\"https:\/\/popz.com\/hu\/allergenek\/#breadcrumb\",\"itemListElement\":[{\"@type\":\"ListItem\",\"position\":1,\"name\":\"F\u0151oldal\",\"item\":\"https:\/\/popz.com\/hu\/\"},{\"@type\":\"ListItem\",\"position\":2,\"name\":\"Allerg\u00e9nek\"}]},{\"@type\":\"WebSite\",\"@id\":\"https:\/\/popz.com\/hu\/#website\",\"url\":\"https:\/\/popz.com\/hu\/\",\"name\":\"Popz - az ehet\u0151 legjobb popcorn\",\"description\":\"Popz - az igazi otthoni mozi\u00e9lm\u00e9ny\u00e9rt\",\"potentialAction\":[{\"@type\":\"SearchAction\",\"target\":{\"@type\":\"EntryPoint\",\"urlTemplate\":\"https:\/\/popz.com\/hu\/?s={search_term_string}\"},\"query-input\":{\"@type\":\"PropertyValueSpecification\",\"valueRequired\":true,\"valueName\":\"search_term_string\"}}],\"inLanguage\":\"hu\"}]}<\/script>\n<!-- \/ Yoast SEO plugin. -->","yoast_head_json":{"title":"Allerg\u00e9nek","robots":{"index":"index","follow":"follow","max-snippet":"max-snippet:-1","max-image-preview":"max-image-preview:large","max-video-preview":"max-video-preview:-1"},"canonical":"https:\/\/popz.com\/hu\/allergenek\/","twitter_card":"summary_large_image","twitter_title":"Allerg\u00e9nek","twitter_description":"A Popz sz\u00e1m\u00e1ra mindig is kiemelked\u0151en fontos volt, hogy folyamatosan j\u00f3 min\u0151s\u00e9g\u0171 \u00e9lelmiszereket \u00e1ll\u00edtson el\u0151 &#8211; az ilyen term\u00e9keket mindig [&hellip;]","twitter_image":"https:\/\/popz.com\/hu\/wp-content\/uploads\/2018\/01\/Allergenek.jpg","schema":{"@context":"https:\/\/schema.org","@graph":[{"@type":"WebPage","@id":"https:\/\/popz.com\/hu\/allergenek\/","url":"https:\/\/popz.com\/hu\/allergenek\/","name":"Allerg\u00e9nek","isPartOf":{"@id":"https:\/\/popz.com\/hu\/#website"},"primaryImageOfPage":{"@id":"https:\/\/popz.com\/hu\/allergenek\/#primaryimage"},"image":{"@id":"https:\/\/popz.com\/hu\/allergenek\/#primaryimage"},"thumbnailUrl":"https:\/\/popz.com\/hu\/wp-content\/uploads\/2018\/01\/Allergenek.jpg","datePublished":"2015-08-07T13:10:11+00:00","dateModified":"2018-01-02T14:24:57+00:00","breadcrumb":{"@id":"https:\/\/popz.com\/hu\/allergenek\/#breadcrumb"},"inLanguage":"hu","potentialAction":[{"@type":"ReadAction","target":["https:\/\/popz.com\/hu\/allergenek\/"]}]},{"@type":"ImageObject","inLanguage":"hu","@id":"https:\/\/popz.com\/hu\/allergenek\/#primaryimage","url":"https:\/\/popz.com\/hu\/wp-content\/uploads\/2018\/01\/Allergenek.jpg","contentUrl":"https:\/\/popz.com\/hu\/wp-content\/uploads\/2018\/01\/Allergenek.jpg","width":898,"height":471},{"@type":"BreadcrumbList","@id":"https:\/\/popz.com\/hu\/allergenek\/#breadcrumb","itemListElement":[{"@type":"ListItem","position":1,"name":"F\u0151oldal","item":"https:\/\/popz.com\/hu\/"},{"@type":"ListItem","position":2,"name":"Allerg\u00e9nek"}]},{"@type":"WebSite","@id":"https:\/\/popz.com\/hu\/#website","url":"https:\/\/popz.com\/hu\/","name":"Popz - az ehet\u0151 legjobb popcorn","description":"Popz - az igazi otthoni mozi\u00e9lm\u00e9ny\u00e9rt","potentialAction":[{"@type":"SearchAction","target":{"@type":"EntryPoint","urlTemplate":"https:\/\/popz.com\/hu\/?s={search_term_string}"},"query-input":{"@type":"PropertyValueSpecification","valueRequired":true,"valueName":"search_term_string"}}],"inLanguage":"hu"}]}},"_links":{"self":[{"href":"https:\/\/popz.com\/hu\/wp-json\/wp\/v2\/pages\/19","targetHints":{"allow":["GET"]}}],"collection":[{"href":"https:\/\/popz.com\/hu\/wp-json\/wp\/v2\/pages"}],"about":[{"href":"https:\/\/popz.com\/hu\/wp-json\/wp\/v2\/types\/page"}],"author":[{"embeddable":true,"href":"https:\/\/popz.com\/hu\/wp-json\/wp\/v2\/users\/1"}],"replies":[{"embeddable":true,"href":"https:\/\/popz.com\/hu\/wp-json\/wp\/v2\/comments?post=19"}],"version-history":[{"count":4,"href":"https:\/\/popz.com\/hu\/wp-json\/wp\/v2\/pages\/19\/revisions"}],"predecessor-version":[{"id":7651,"href":"https:\/\/popz.com\/hu\/wp-json\/wp\/v2\/pages\/19\/revisions\/7651"}],"wp:attachment":[{"href":"https:\/\/popz.com\/hu\/wp-json\/wp\/v2\/media?parent=19"}],"curies":[{"name":"wp","href":"https:\/\/api.w.org\/{rel}","templated":true}]}}