{"id":21,"date":"2015-08-07T13:10:22","date_gmt":"2015-08-07T13:10:22","guid":{"rendered":"https:\/\/popz.com\/hu\/?page_id=21"},"modified":"2025-08-05T10:39:43","modified_gmt":"2025-08-05T08:39:43","slug":"gyakori-kerdesek","status":"publish","type":"page","link":"https:\/\/popz.com\/hu\/gyakori-kerdesek\/","title":{"rendered":"Gyakori k\u00e9rd\u00e9sek"},"content":{"rendered":"<h2>\u00c1ltal\u00e1nos k\u00e9rd\u00e9sek<\/h2>\n<h3>Kihez fordulhatok panasszal, ha probl\u00e9m\u00e1m ad\u00f3dna a term\u00e9kkel?<\/h3>\n<p><a href=\"mailto:info@popz.hu\">Vev\u0151szolg\u00e1lat<\/a> (info@popz.hu)<\/p>\n<p><a href=\"mailto:laszlo.buda@popz.eu?Subject=K\u00e9rd\u00e9s Popz term\u00e9kr\u0151l\" target=\"_top\" rel=\"noopener\">Buda L\u00e1szl\u00f3<\/a>\u00a0(laszlo.buda@popz.eu), \u00c9rt\u00e9kes\u00edt\u00e9si Vezet\u0151<\/p>\n<h3>Eg\u00e9szs\u00e9ges-e a mikrohull\u00e1m\u00fa popcorn fogyaszt\u00e1sa?<\/h3>\n<p>A mikr\u00f3ban elk\u00e9sz\u00edthet\u0151 popcorn k\u00e9nyelmes \u00e9s finom nassolnival\u00f3, amely m\u00e9rt\u00e9kkel fogyasztva remek alternat\u00edv\u00e1ja lehet m\u00e1s, zs\u00edrosabb vagy cukrosabb r\u00e1gcs\u00e1lnival\u00f3knak. Term\u00e9k\u00fcnk \u00f6ssze\u00e1ll\u00edt\u00e1s\u00e1n\u00e1l t\u00f6reksz\u00fcnk a kiegyens\u00falyozott recept\u00far\u00e1ra, hogy \u00edzletes \u00e9lm\u00e9ny mellett a tudatosabb v\u00e1laszt\u00e1s is lehessen.<\/p>\n<h3>Melyek\u00a0a popcorn hasznos eg\u00e9szs\u00e9g\u00fcgyi tulajdons\u00e1gai?<\/h3>\n<p>A popcorn nemcsak finom, hanem eg\u00e9szs\u00e9ges nassolnival\u00f3 is: gazdag rostokban, antioxid\u00e1nsokban \u00e9s alacsony a kal\u00f3riatartalma.<\/p>\n<p>L\u00e9gkever\u00e9ses vagy olaj n\u00e9lk\u00fcli v\u00e1ltozatban fogyasztva kiv\u00e1l\u00f3 t\u00e1rs az eg\u00e9szs\u00e9gtudatos \u00e9letm\u00f3dhoz!<\/p>\n<h3>Miben k\u00fcl\u00f6nb\u00f6zik a hagyom\u00e1nyos kukorica\u00a0a popcorn kukoric\u00e1t\u00f3l?<\/h3>\n<p>A popcorn kukorica egy k\u00fcl\u00f6nleges fajta, amelynek szemh\u00e9ja extra kem\u00e9ny \u00e9s s\u0171r\u0171, ennek k\u00f6sz\u00f6nhet\u0151en h\u0151 hat\u00e1s\u00e1ra a bels\u0151 nedvess\u00e9g g\u0151zz\u00e9 alakulva felrobbantja a szemet \u2013 \u00edgy sz\u00fcletik a pattogatott kukorica. Ezzel szemben a hagyom\u00e1nyos csemege- vagy takarm\u00e1nykukorica h\u00e9ja puh\u00e1bb, szerkezete laz\u00e1bb, ez\u00e9rt nem alkalmas pattogtat\u00e1sra, ink\u00e1bb f\u0151z\u00e9sre, s\u00fct\u00e9sre vagy \u00e1llati takarm\u00e1nynak haszn\u00e1lj\u00e1k.<\/p>\n<h3>Melyik orsz\u00e1g fogyasztja a legt\u00f6bb popcornt?<\/h3>\n<p>Az USA-ban \u00e9l a popcorn fogyaszt\u00f3k jelent\u0151s sz\u00e1zal\u00e9ka.<\/p>\n<h3>Mit\u0151l pattog ki a popcorn?<\/h3>\n<p>H\u0151 hat\u00e1s\u00e1ra a kukoricaszemekben tal\u00e1lhat\u00f3 v\u00edz l\u00e9gnem\u0171v\u00e9 v\u00e1lik \u00e9s kit\u00e1gul. A bels\u0151 nyom\u00e1s megn\u00f6vekedik, majd a z\u00e1rt magh\u00e9j felrobban. A popcorn ekkor egy hangos pattan\u00f3 hangot ad \u00e9s a magasba rep\u00fcl. Ek\u00f6zben a v\u00edzg\u0151z hat\u00e1s\u00e1ra felpuffadt kukoricakem\u00e9ny\u00edt\u0151 tov\u00e1bb t\u00e1gul \u00e9s kialak\u00edtja a pattogatott kukorica habszer\u0171 kin\u00e9zet\u00e9t.<\/p>\n<p>&nbsp;<\/p>\n<p><iframe loading=\"lazy\" title=\"Popcorn kernel in slow motion.\" width=\"500\" height=\"375\" src=\"https:\/\/www.youtube.com\/embed\/jUHzcXrX2_U?feature=oembed\" frameborder=\"0\" allow=\"accelerometer; autoplay; clipboard-write; encrypted-media; gyroscope; picture-in-picture; web-share\" referrerpolicy=\"strict-origin-when-cross-origin\" allowfullscreen><\/iframe><\/p>\n<h3>Mi\u00e9rt csak kev\u00e9s popcorn pattog ki?<\/h3>\n<p>A kukoricapattogtat\u00e1snak van egy viszonylag \u00e9les h\u0151m\u00e9rs\u00e9kleti k\u00fcsz\u00f6bje. M\u00edg 170 Celsius fokn\u00e1l a magvak nagyj\u00e1b\u00f3l egyharmada robban fel, 180 Celsius fokon m\u00e1r az \u00f6sszes. A kritikus hat\u00e1r\u00e9rt\u00e9k teh\u00e1t 180\u00b0C k\u00f6zel\u00e9ben van \u00e9s egy igen sz\u0171k tartom\u00e1ny k\u00f6z\u00f6tt mozog, ez\u00e9rt ha nem megfelel\u0151 a h\u0151m\u00e9rs\u00e9klet el\u0151fordulhat, hogy ig\u00e9n kev\u00e9s kukorica pattog ki.<\/p>\n<h3>Milyen m\u00f3don aj\u00e1nlott t\u00e1rolni a mikrohull\u00e1m\u00fa popcornt?<\/h3>\n<p>H\u0171v\u00f6s helyen, napf\u00e9nyt\u0151l elz\u00e1rva, lehet\u0151leg v\u00edzmentesen a min\u0151s\u00e9groml\u00e1s elker\u00fcl\u00e9se \u00e9rdek\u00e9ben.<\/p>\n<h3>Mennyi a szavatoss\u00e1gi ideje a mikr\u00f3s popcornnak?<\/h3>\n<p>24 h\u00f3nap.<\/p>\n<h3>Honnan tudjuk, hogy a Popz popcorn magas szint\u0171 elv\u00e1r\u00e1soknak megfelel\u0151en k\u00e9sz\u00fclt?<\/h3>\n<p>Mi teljesen m\u00e9rt\u00e9kben a jogszab\u00e1lyok szerint j\u00e1runk el \u00fagy Magyarorsz\u00e1gon, mint az \u00f6sszes t\u00f6bbi orsz\u00e1gban ahov\u00e1 export\u00e1ljuk term\u00e9keinket. Annak \u00e9rdek\u00e9ben, hogy garant\u00e1lni tudjuk, hogy k\u00f6vetj\u00fck a Popz Min\u0151s\u00e9gpolitik\u00e1j\u00e1t, a vezet\u0151s\u00e9g egy a HACCP, BRC \u00e1ltal fel\u00e1ll\u00edtott min\u0151s\u00e9gbiztos\u00edt\u00e1si rendszert vezetett be, amely sor\u00e1n folyamatosan gondoskodunk arr\u00f3l, hogy dolgoz\u00f3ink el\u00e9rj\u00e9k a lehet\u0151 legmagasabb szint\u0171 k\u00e9pzetts\u00e9get a min\u0151s\u00e9g \u00e9s biztons\u00e1g ter\u00e9n.<\/p>\n<h3>Hogyan tudom leolvasni a term\u00e9kk\u00f3dot?<\/h3>\n<p>A term\u00e9kk\u00f3d minden dobozos \u00e9s zacsk\u00f3s term\u00e9k\u00fcnk\u00f6n megtal\u00e1lhat\u00f3 a h\u00e1toldalon.<\/p>\n<h3>Hol gy\u00e1rtj\u00e1k\u00a0a Popz popcornt?<\/h3>\n<p>A Magyarorsz\u00e1gon forgalomban l\u00e9v\u0151 term\u00e9keinket az orsz\u00e1g hat\u00e1rain bel\u00fcl k\u00e9sz\u00edtj\u00fck.<\/p>\n<h3>Hol kaphat\u00f3ak term\u00e9keink?<\/h3>\n<p>Magyarorsz\u00e1gon a Vil-For Nagykeresked\u00e9sben, A PowerLife Nagykeresked\u00e9sn\u00e9l, valamint egy\u00e9b kiskereskedelmi partnereinkn\u00e9l lehet megv\u00e1s\u00e1rolni term\u00e9keinket online \u00e9s offline.<\/p>\n<h3>Genetikailag m\u00f3dos\u00edtott-e a Popz\u00a0popcorn?<\/h3>\n<p>A popcorn term\u00e9szetes m\u00f3don GMO-mentes \u2013 a vil\u00e1gon jelenleg nem is l\u00e9tezik genetikailag m\u00f3dos\u00edtott popcorn fajta. Fogyaszd b\u00e1tran, tudatos v\u00e1laszt\u00e1sk\u00e9nt!<\/p>\n<h3><\/h3>\n<h3><\/h3>\n<h3><\/h3>\n<h3><\/h3>\n<h3><\/h3>\n<h3><\/h3>\n<h3><\/h3>\n<h3><\/h3>\n<h3><\/h3>\n<h3><\/h3>\n<h3><\/h3>\n<h2>Tudom\u00e1ny<\/h2>\n<h3>Tartalmaz-e transzzs\u00edrokat a Popz popcorn?<\/h3>\n<p>Term\u00e9keink transzzs\u00edrmentesek.<\/p>\n<h3>Tartalmaz-e a Popz popcorn mesters\u00e9ges szinez\u00e9keket \u00e9s hozz\u00e1val\u00f3kat?<\/h3>\n<p>Kiz\u00e1r\u00f3lag term\u00e9szetes sz\u00ednez\u00e9kekkel \u00e9s hozz\u00e1val\u00f3kkal k\u00e9sz\u00fcl.<\/p>\n<h3>Tartalmaznak-e \u00a0a Popz term\u00e9kek DIACETYL-t?<\/h3>\n<p>Magyarorsz\u00e1gon a diacetil haszn\u00e1lata nem enged\u00e9lyezett.<\/p>\n<p>A haz\u00e1nkban forgalomban l\u00e9v\u0151 mikr\u00f3s\u00fct\u0151ben elk\u00e9sz\u00edthet\u0151 pattogatott kukoric\u00e1k vajarom\u00e1ja n\u00f6v\u00e9nyi olajb\u00f3l, valamint \u00e9des tejsav\u00f3porb\u00f3l \u00e1ll.<\/p>\n<h3>Glut\u00e9nmentes-e a Popz popcorn?<\/h3>\n<p>Minden term\u00e9k\u00fcnk glut\u00e9nmentes, a popcorn term\u00e9szet\u00e9b\u0151l ad\u00f3d\u00f3an is.<\/p>\n<h3>Tartalmaznak-e b\u00e1rmif\u00e9le allerg\u00e9nt a Popz term\u00e9kek?<\/h3>\n<p>Egyes term\u00e9keink tartalmazhatnak allerg\u00e9neket (tej, toj\u00e1s, sz\u00f3ja) de <a href=\"https:\/\/popz.com\/hu\/allergenek\/\">r\u00e9szletes t\u00e1bl\u00e1zatunkban<\/a> megtal\u00e1lhat\u00f3ak az \u00e9rintett term\u00e9ket.<\/p>\n<h3><\/h3>\n<h3>Mit\u0151l alakulahat ki a &#8222;popcorn \u00e1ltali&#8221; t\u00fcd\u0151el\u00e9gtelens\u00e9g?<\/h3>\n<p>A diacetil nev\u0171 anyag g\u0151z\u00e9nek bel\u00e9legz\u00e9se okozza a s\u00falyos t\u00fcd\u0151bajt, amely gy\u00f3gy\u00edthatatlan, \u00e9s csak a t\u00fcd\u0151\u00e1t\u00fcltet\u00e9s lehet a megold\u00e1s.<\/p>\n<p>Magyarorsz\u00e1gon a diacetil haszn\u00e1lata nem enged\u00e9lyezett. A haz\u00e1nkban forgalomban l\u00e9v\u0151 mikr\u00f3s\u00fct\u0151ben elk\u00e9sz\u00edthet\u0151 pattogatott kukoric\u00e1k vajarom\u00e1ja n\u00f6v\u00e9nyi olajb\u00f3l \u00e1ll.<\/p>\n<h3>Megv\u00e1ltoztatja a mikr\u00f3hull\u00e1m\u00fa s\u00fct\u0151 az \u00e9lelmiszert haszn\u00e1lat k\u00f6zben?<\/h3>\n<p>Az Orsz\u00e1gos Sug\u00e1rbiol\u00f3giai \u00e9s Sug\u00e1r-eg\u00e9szs\u00e9g\u00fcgyi Kutat\u00f3 Int\u00e9zetben (OSSKI) is foglalkoztak a mikrohull\u00e1m\u00fa s\u00fct\u0151 v\u00e9lt, vagy val\u00f3s \u00e1rtalmaival, de semmik\u00e9ppen sem tartj\u00e1k vesz\u00e9lyesebb \u00e9telkezel\u00e9si elj\u00e1r\u00e1snak a hagyom\u00e1nyos ny\u00edlt t\u0171zi vagy rezs\u00f3s s\u00fct\u00e9si-f\u0151z\u00e9si elj\u00e1r\u00e1sokn\u00e1l.<\/p>\n<p>A mikr\u00f3zott \u00e9lelmiszer nem tudja elnyelni vagy felvenni a mikrosugarakat, s nem is tudja t\u00e1rolni ezt az energi\u00e1t. Abb\u00f3l, hogy a mikros\u00fct\u0151 bel\u00fclr\u0151l kifel\u00e9, s nem k\u00edv\u00fclr\u0151l befel\u00e9 degener\u00e1lja az \u00e9lelmiszert, m\u00e9g nem k\u00f6vetkezik az, hogy t\u00f6bb r\u00e1kkelt\u0151 anyagot tartalmazna, mint a hagyom\u00e1nyos m\u00f3don h\u0151kezelt \u00e9lelmiszerek, s bizony azt sem \u00e1ll\u00edthatjuk, hogy a mikr\u00f3zott \u00e9lelmiszerben kevesebb t\u00e1pl\u00e1l\u00e9k \u00e9s vitamin van, mint elfogadottabb t\u00e1rsaiban.<\/p>\n<p>&nbsp;<\/p>\n","protected":false},"excerpt":{"rendered":"<p>\u00c1ltal\u00e1nos k\u00e9rd\u00e9sek Kihez fordulhatok panasszal, ha probl\u00e9m\u00e1m ad\u00f3dna a term\u00e9kkel? Vev\u0151szolg\u00e1lat (info@popz.hu) Buda L\u00e1szl\u00f3\u00a0(laszlo.buda@popz.eu), \u00c9rt\u00e9kes\u00edt\u00e9si Vezet\u0151 Eg\u00e9szs\u00e9ges-e a mikrohull\u00e1m\u00fa popcorn [&hellip;]<\/p>\n","protected":false},"author":1,"featured_media":0,"parent":0,"menu_order":0,"comment_status":"open","ping_status":"open","template":"","meta":{"footnotes":""},"class_list":["post-21","page","type-page","status-publish","hentry"],"yoast_head":"<!-- This site is optimized with the Yoast SEO plugin v27.2 - https:\/\/yoast.com\/product\/yoast-seo-wordpress\/ -->\n<title>Gyakori k\u00e9rd\u00e9sek<\/title>\n<meta name=\"robots\" content=\"index, follow, max-snippet:-1, max-image-preview:large, max-video-preview:-1\" \/>\n<link rel=\"canonical\" href=\"https:\/\/popz.com\/hu\/gyakori-kerdesek\/\" \/>\n<meta name=\"twitter:card\" content=\"summary_large_image\" \/>\n<meta name=\"twitter:title\" content=\"Gyakori k\u00e9rd\u00e9sek\" \/>\n<meta name=\"twitter:description\" content=\"\u00c1ltal\u00e1nos k\u00e9rd\u00e9sek Kihez fordulhatok panasszal, ha probl\u00e9m\u00e1m ad\u00f3dna a term\u00e9kkel? Vev\u0151szolg\u00e1lat (info@popz.hu) Buda L\u00e1szl\u00f3\u00a0(laszlo.buda@popz.eu), \u00c9rt\u00e9kes\u00edt\u00e9si Vezet\u0151 Eg\u00e9szs\u00e9ges-e a mikrohull\u00e1m\u00fa popcorn [&hellip;]\" \/>\n<meta name=\"twitter:label1\" content=\"Becs\u00fclt olvas\u00e1si id\u0151\" \/>\n\t<meta name=\"twitter:data1\" content=\"4 perc\" \/>\n<script type=\"application\/ld+json\" class=\"yoast-schema-graph\">{\"@context\":\"https:\/\/schema.org\",\"@graph\":[{\"@type\":\"WebPage\",\"@id\":\"https:\/\/popz.com\/hu\/gyakori-kerdesek\/\",\"url\":\"https:\/\/popz.com\/hu\/gyakori-kerdesek\/\",\"name\":\"Gyakori k\u00e9rd\u00e9sek\",\"isPartOf\":{\"@id\":\"https:\/\/popz.com\/hu\/#website\"},\"datePublished\":\"2015-08-07T13:10:22+00:00\",\"dateModified\":\"2025-08-05T08:39:43+00:00\",\"breadcrumb\":{\"@id\":\"https:\/\/popz.com\/hu\/gyakori-kerdesek\/#breadcrumb\"},\"inLanguage\":\"hu\",\"potentialAction\":[{\"@type\":\"ReadAction\",\"target\":[\"https:\/\/popz.com\/hu\/gyakori-kerdesek\/\"]}]},{\"@type\":\"BreadcrumbList\",\"@id\":\"https:\/\/popz.com\/hu\/gyakori-kerdesek\/#breadcrumb\",\"itemListElement\":[{\"@type\":\"ListItem\",\"position\":1,\"name\":\"F\u0151oldal\",\"item\":\"https:\/\/popz.com\/hu\/\"},{\"@type\":\"ListItem\",\"position\":2,\"name\":\"Gyakori k\u00e9rd\u00e9sek\"}]},{\"@type\":\"WebSite\",\"@id\":\"https:\/\/popz.com\/hu\/#website\",\"url\":\"https:\/\/popz.com\/hu\/\",\"name\":\"Popz - az ehet\u0151 legjobb popcorn\",\"description\":\"Popz - az igazi otthoni mozi\u00e9lm\u00e9ny\u00e9rt\",\"potentialAction\":[{\"@type\":\"SearchAction\",\"target\":{\"@type\":\"EntryPoint\",\"urlTemplate\":\"https:\/\/popz.com\/hu\/?s={search_term_string}\"},\"query-input\":{\"@type\":\"PropertyValueSpecification\",\"valueRequired\":true,\"valueName\":\"search_term_string\"}}],\"inLanguage\":\"hu\"}]}<\/script>\n<!-- \/ Yoast SEO plugin. -->","yoast_head_json":{"title":"Gyakori k\u00e9rd\u00e9sek","robots":{"index":"index","follow":"follow","max-snippet":"max-snippet:-1","max-image-preview":"max-image-preview:large","max-video-preview":"max-video-preview:-1"},"canonical":"https:\/\/popz.com\/hu\/gyakori-kerdesek\/","twitter_card":"summary_large_image","twitter_title":"Gyakori k\u00e9rd\u00e9sek","twitter_description":"\u00c1ltal\u00e1nos k\u00e9rd\u00e9sek Kihez fordulhatok panasszal, ha probl\u00e9m\u00e1m ad\u00f3dna a term\u00e9kkel? Vev\u0151szolg\u00e1lat (info@popz.hu) Buda L\u00e1szl\u00f3\u00a0(laszlo.buda@popz.eu), \u00c9rt\u00e9kes\u00edt\u00e9si Vezet\u0151 Eg\u00e9szs\u00e9ges-e a mikrohull\u00e1m\u00fa popcorn [&hellip;]","twitter_misc":{"Becs\u00fclt olvas\u00e1si id\u0151":"4 perc"},"schema":{"@context":"https:\/\/schema.org","@graph":[{"@type":"WebPage","@id":"https:\/\/popz.com\/hu\/gyakori-kerdesek\/","url":"https:\/\/popz.com\/hu\/gyakori-kerdesek\/","name":"Gyakori k\u00e9rd\u00e9sek","isPartOf":{"@id":"https:\/\/popz.com\/hu\/#website"},"datePublished":"2015-08-07T13:10:22+00:00","dateModified":"2025-08-05T08:39:43+00:00","breadcrumb":{"@id":"https:\/\/popz.com\/hu\/gyakori-kerdesek\/#breadcrumb"},"inLanguage":"hu","potentialAction":[{"@type":"ReadAction","target":["https:\/\/popz.com\/hu\/gyakori-kerdesek\/"]}]},{"@type":"BreadcrumbList","@id":"https:\/\/popz.com\/hu\/gyakori-kerdesek\/#breadcrumb","itemListElement":[{"@type":"ListItem","position":1,"name":"F\u0151oldal","item":"https:\/\/popz.com\/hu\/"},{"@type":"ListItem","position":2,"name":"Gyakori k\u00e9rd\u00e9sek"}]},{"@type":"WebSite","@id":"https:\/\/popz.com\/hu\/#website","url":"https:\/\/popz.com\/hu\/","name":"Popz - az ehet\u0151 legjobb popcorn","description":"Popz - az igazi otthoni mozi\u00e9lm\u00e9ny\u00e9rt","potentialAction":[{"@type":"SearchAction","target":{"@type":"EntryPoint","urlTemplate":"https:\/\/popz.com\/hu\/?s={search_term_string}"},"query-input":{"@type":"PropertyValueSpecification","valueRequired":true,"valueName":"search_term_string"}}],"inLanguage":"hu"}]}},"_links":{"self":[{"href":"https:\/\/popz.com\/hu\/wp-json\/wp\/v2\/pages\/21","targetHints":{"allow":["GET"]}}],"collection":[{"href":"https:\/\/popz.com\/hu\/wp-json\/wp\/v2\/pages"}],"about":[{"href":"https:\/\/popz.com\/hu\/wp-json\/wp\/v2\/types\/page"}],"author":[{"embeddable":true,"href":"https:\/\/popz.com\/hu\/wp-json\/wp\/v2\/users\/1"}],"replies":[{"embeddable":true,"href":"https:\/\/popz.com\/hu\/wp-json\/wp\/v2\/comments?post=21"}],"version-history":[{"count":8,"href":"https:\/\/popz.com\/hu\/wp-json\/wp\/v2\/pages\/21\/revisions"}],"predecessor-version":[{"id":11691,"href":"https:\/\/popz.com\/hu\/wp-json\/wp\/v2\/pages\/21\/revisions\/11691"}],"wp:attachment":[{"href":"https:\/\/popz.com\/hu\/wp-json\/wp\/v2\/media?parent=21"}],"curies":[{"name":"wp","href":"https:\/\/api.w.org\/{rel}","templated":true}]}}