{"id":23,"date":"2015-08-07T13:11:20","date_gmt":"2015-08-07T13:11:20","guid":{"rendered":"https:\/\/popz.com\/hu\/?page_id=23"},"modified":"2024-09-02T14:28:26","modified_gmt":"2024-09-02T12:28:26","slug":"jogi-nyilatkozat","status":"publish","type":"page","link":"https:\/\/popz.com\/hu\/jogi-nyilatkozat\/","title":{"rendered":"Jogi nyilatkozat"},"content":{"rendered":"<h2>\u00c1ltal\u00e1nos t\u00e1j\u00e9koztat\u00e1s<\/h2>\n<p>A\u00a0<a href=\"https:\/\/www.popz.hu\/\">popz.hu<\/a>\u00a0weboldalt (a tov\u00e1bbiakban: weboldal) a\u00a0<u>Popz Europe Kft.<\/u>\u00a0(a tov\u00e1bbiakban: Szolg\u00e1ltat\u00f3) \u00fczemelteti.<\/p>\n<p>A weboldal haszn\u00e1lat\u00e1nak megkezd\u00e9s\u00e9vel valamennyi felhaszn\u00e1l\u00f3 r\u00e1utal\u00f3 magatart\u00e1ssal elfogadja az al\u00e1bbiakban meghat\u00e1rozott felhaszn\u00e1l\u00e1si \u00e9s adatv\u00e9delmi felt\u00e9teleket \u00e9s szab\u00e1lyokat.<\/p>\n<h2>Szerz\u0151i jogok<\/h2>\n<p>A weboldal \u00e9s az azon megjelen\u0151 m\u0171szaki, grafikai, szoftveres \u00e9s egy\u00e9b megold\u00e1sok, sz\u00f6vegek, k\u00e9pek, adatok, inform\u00e1ci\u00f3k \u00e9s egy\u00e9b anyagok, illetve azok elrendez\u00e9se szerz\u0151i jogv\u00e9delem al\u00e1 esnek, azok felhaszn\u00e1l\u00e1s\u00e1ra \u00e9s minden egyes felhaszn\u00e1l\u00e1s enged\u00e9lyez\u00e9s\u00e9re kiz\u00e1r\u00f3lag a Szolg\u00e1ltat\u00f3 jogosult.<\/p>\n<p>A Szolg\u00e1ltat\u00f3 el\u0151zetes \u00edr\u00e1sbeli enged\u00e9lye n\u00e9lk\u00fcl tilos a weboldalak tartalm\u00e1nak eg\u00e9sz\u00e9t vagy r\u00e9szeit b\u00e1rmilyen form\u00e1ban felhaszn\u00e1lni, reproduk\u00e1lni, \u00e1truh\u00e1zni, terjeszteni, \u00e1tdolgozni, vagy t\u00e1rolni. A Szolg\u00e1ltat\u00f3 azonban beleegyezik az al\u00e1bbi felt\u00e9telek szerinti felhaszn\u00e1l\u00e1sba:<\/p>\n<ul>\n<li>a pontos\u00a0<a href=\"https:\/\/www.popz.hu\/\">https:\/\/www.popz.hu\/<\/a>weboldal forr\u00e1s megjel\u00f6l\u00e9s\u00e9vel \u00e9s \u00a0linken kereszt\u00fcli hivatkoz\u00e1ssal,<\/li>\n<li>saj\u00e1t, szem\u00e9lyes haszn\u00e1latra a szabad felhaszn\u00e1l\u00e1s k\u00f6r\u00e9ben a popz.hu oldalak tartalma vagy kivonatai sz\u00e1m\u00edt\u00f3g\u00e9pen t\u00e1rolhat\u00f3k, kinyomtathat\u00f3k.<\/li>\n<\/ul>\n<h2>V\u00e9djegyek<\/h2>\n<p>Minden, a Szolg\u00e1ltat\u00f3 weboldal\u00e1n haszn\u00e1lt popz.hu weboldalra vonatkoz\u00f3 v\u00e9djegy (m\u00e1rkan\u00e9v, logo, stb.) a Szolg\u00e1ltat\u00f3 tulajdon\u00e1ban \u00e1ll. A Szolg\u00e1ltat\u00f3 partnereinek weboldalon megjelen\u0151 v\u00e9djegye az adott partner hozz\u00e1j\u00e1rul\u00e1s\u00e1val szerepel a weboldalon.<\/p>\n<p>A v\u00e9djegyek felhaszn\u00e1l\u00e1s\u00e1ra kiz\u00e1r\u00f3lag a v\u00e9djegy jog tulajdonosa jogosult.<\/p>\n<h2>A weboldal tartalma<\/h2>\n<p>A weboldalon megjelen\u0151 cikkek, anyagok megjelen\u00e9s\u00e9nek id\u0151pontja a bejegyz\u00e9s tetej\u00e9n tal\u00e1lhat\u00f3. Elolvas\u00e1s el\u0151tt minden esetben ellen\u0151rizze a d\u00e1tumot, ugyanis el\u0151fordulhat, hogy a jogi h\u00e1tt\u00e9r vagy a piaci helyzet megv\u00e1ltoz\u00e1sa miatt a cikk m\u00e1r nem aktu\u00e1lis. \u00a0A Szolg\u00e1ltat\u00f3 mindent megtesz annak \u00e9rdek\u00e9ben, hogy a cikkek tartalma tud\u00e1suknak megfelel\u0151en pontosak \u00e9s a weboldal t\u00e9m\u00e1j\u00e1hoz kapcsol\u00f3d\u00f3an hasznosak legyenek.\u00a0 Azonban a k\u00f6z\u00f6lt adatok tartalm\u00e1\u00e9rt, azok betart\u00e1suk\u00e9rt \u00e9s annak k\u00f6vetkezm\u00e9nyei\u00e9rt, valamint aktualit\u00e1s\u00e1\u00e9rt a Szolg\u00e1ltat\u00f3 nem v\u00e1llal felel\u0151ss\u00e9get. Az oldalon \u00e9s a bejegyz\u00e9sekben k\u00f6zz\u00e9tett inform\u00e1ci\u00f3k, elemz\u00e9sek \u00e9s k\u00f6vetkeztet\u00e9sek csak t\u00e1j\u00e9koztat\u00f3 jelleg\u0171ek.<\/p>\n<p>A megjelentetett inform\u00e1ci\u00f3k nem min\u0151s\u00fclnek ad\u00f3-, jogi- vagy egy\u00e9b tan\u00e1csad\u00e1snak. A weboldalon tal\u00e1lhat\u00f3 inform\u00e1ci\u00f3k alapj\u00e1n hozott illetve az azokra alapozott \u00fczleti d\u00f6nt\u00e9sekb\u0151l ered\u0151 k\u00e1rok\u00e9rt a Szolg\u00e1ltat\u00f3 nem v\u00e1llal felel\u0151ss\u00e9get.<\/p>\n<h2>A weboldal el\u00e9r\u00e9se<\/h2>\n<p>A Szolg\u00e1ltat\u00f3 fenntartja a jogot, hogy weboldalait b\u00e1rmikor m\u00f3dos\u00edtsa vagy \u00e1tdolgozza, illetve el\u00e9rhet\u0151s\u00e9g\u00fcket korl\u00e1tozza vagy megsz\u00fcntesse. Szolg\u00e1ltat\u00f3 nem garant\u00e1lja, hogy a weboldalakhoz val\u00f3 hozz\u00e1f\u00e9r\u00e9s folyamatos vagy hibamentes lesz. A weboldal, illetve az ott el\u00e9rhet\u0151 inform\u00e1ci\u00f3k, dokument\u00e1ci\u00f3k, vagy m\u00e1s \u00edrott anyagok hozz\u00e1f\u00e9r\u00e9s\u00e9b\u0151l, illetve azok k\u00f6zvetett vagy k\u00f6zvetlen felhaszn\u00e1l\u00e1s\u00e1b\u00f3l, a weboldal haszn\u00e1latra alkalmatlan \u00e1llapot\u00e1b\u00f3l, vagy a nem megfelel\u0151 m\u0171k\u00f6d\u00e9sb\u0151l, hi\u00e1nyoss\u00e1gb\u00f3l, esetleges \u00fczemzavarb\u00f3l, vagy f\u00e9lre\u00e9rhet\u0151s\u00e9gb\u0151l ered\u0151 k\u00e1rok\u00e9rt \u00e9s\/vagy vesztes\u00e9g\u00e9rt val\u00f3 felel\u0151ss\u00e9get a Szolg\u00e1ltat\u00f3 kifejezetten kiz\u00e1rja.<\/p>\n<h2>Kapcsol\u00f3d\u00f3 honlapok<\/h2>\n<p>A Szolg\u00e1ltat\u00f3 weboldala tartalmazhat olyan kapcsol\u00f3d\u00e1si pontokat (\u00fan. hiperlinkek vagy hiperhivatkoz\u00e1sok), amelyek m\u00e1s internetes honlapokhoz ny\u00fajtanak automatikus kapcsol\u00f3d\u00e1si lehet\u0151s\u00e9get. Ezek a kapcsol\u00f3d\u00f3 honlapok esetenk\u00e9nt harmadik szem\u00e9lyek tulajdon\u00e1ban, kezel\u00e9s\u00e9ben \u00e1llnak.<\/p>\n<p>A kapcsol\u00f3d\u00f3 honlapokhoz a Szolg\u00e1ltat\u00f3 weboldala csup\u00e1n hozz\u00e1f\u00e9r\u00e9st k\u00f6zvet\u00edt, azonban nem v\u00e1llal semmilyen term\u00e9szet\u0171 k\u00f6telezetts\u00e9get, felel\u0151ss\u00e9get a honlapok\u00e9rt vagy az azokon elhelyezett inform\u00e1ci\u00f3k\u00e9rt, abban az esetben sem, ha azokat a Szolg\u00e1ltat\u00f3 valamely alkalmazottja, megb\u00edzottja \u00e1tn\u00e9zte vagy j\u00f3v\u00e1hagyta.<\/p>\n<p>A Szolg\u00e1ltat\u00f3 nem v\u00e1llal felel\u0151ss\u00e9get olyan, harmadik f\u00e9l \u00e1ltal l\u00e9trehozott, tov\u00e1bb\u00edtott, t\u00e1rolt, hozz\u00e1f\u00e9rhet\u0151v\u00e9 tett, vagy publik\u00e1lt tartalmak\u00e9rt, melyekhez Szolg\u00e1ltat\u00f3 weboldalai kapcsol\u00f3dnak, vagy amelyekre hivatkoznak.<\/p>\n<h2>Adatv\u00e9delem \u2013 a szem\u00e9lyes adatok gy\u0171jt\u00e9se \u00e9s haszn\u00e1lata<\/h2>\n<p>A Szolg\u00e1ltat\u00f3 szem\u00e9lyes adatok esetleges kezel\u00e9se sor\u00e1n a szem\u00e9lyes adatok v\u00e9delm\u00e9r\u0151l \u00e9s a k\u00f6z\u00e9rdek\u0171 adatok nyilv\u00e1noss\u00e1g\u00e1r\u00f3l sz\u00f3l\u00f3\u00a0<a href=\"https:\/\/net.jogtar.hu\/jr\/gen\/hjegy_doc.cgi?docid=A1100112.TV\">2011 \u00e9vi CXII. t\u00f6rv\u00e9ny az inform\u00e1ci\u00f3s \u00f6nrendelkez\u00e9si jogr\u00f3l \u00e9s az inform\u00e1ci\u00f3szabads\u00e1gr\u00f3l<\/a>\u00a0el\u0151\u00edr\u00e1sait marad\u00e9ktalanul betartja.<\/p>\n<p>A Szolg\u00e1ltat\u00f3 csak olyan szem\u00e9lyes adatokat r\u00f6gz\u00edt, melyeket a felhaszn\u00e1l\u00f3 \u00f6nk\u00e9ntesen ad meg. A weboldalon lehet\u0151s\u00e9g van a cikkekhez hozz\u00e1sz\u00f3lni, amely \u00f6nk\u00e9ntesen \u2013 a szem\u00e9lyes adatok megad\u00e1s\u00e1val \u2013 t\u00f6rt\u00e9nik. Szem\u00e9lyes adatai a Szolg\u00e1ltat\u00f3 adatb\u00e1zis\u00e1ba ker\u00fclnek.<\/p>\n<p>A felhaszn\u00e1l\u00f3 \u00f6nk\u00e9ntesen megadott szem\u00e9lyes adatait, \u2013 a felhaszn\u00e1l\u00f3 ellenkez\u0151 kik\u00f6t\u00e9se hi\u00e1ny\u00e1ban \u2013 a Szolg\u00e1ltat\u00f3 az al\u00e1bbiak szerint haszn\u00e1lhatja fel:<\/p>\n<ul>\n<li>a popz.hu akci\u00f3ir\u00f3l, rendezv\u00e9nyeir\u0151l elektronikus lev\u00e9lben t\u00f6rt\u00e9n\u0151 t\u00e1j\u00e9koztat\u00e1sra;<\/li>\n<li>a popz.hu-val kapcsolatos prom\u00f3ci\u00f3s c\u00e9lokra (sorsol\u00e1sokon val\u00f3 r\u00e9szv\u00e9telre, h\u00edrlev\u00e9l k\u00fcld\u00e9s\u00e9re, term\u00e9kek\/szolg\u00e1ltat\u00e1sok aj\u00e1nl\u00e1s\u00e1ra);<\/li>\n<li>tov\u00e1bb\u00e1, ha aj\u00e1nd\u00e9kot nyer, ennek a weboldalon t\u00f6rt\u00e9n\u0151 publik\u00e1l\u00e1s\u00e1ra.<\/li>\n<\/ul>\n<h2>Jogk\u00f6vetkezm\u00e9nyek<\/h2>\n<p>A jelen jogi nyilatkozatban foglaltak megs\u00e9rt\u00e9se eset\u00e9n a Szolg\u00e1ltat\u00f3 halad\u00e9ktalanul megteszi a sz\u00fcks\u00e9ges jogi l\u00e9p\u00e9seket, legyen az polg\u00e1ri jogi, \u00e9s b\u00fcntet\u0151jogi vagy egy\u00e9b vonatkoz\u00e1s\u00fa.<\/p>\n<p>A jelen nyilatkozatban nem szab\u00e1lyozott k\u00e9rd\u00e9sekben az elektronikus kereskedelmi szolg\u00e1ltat\u00e1sok, valamint az inform\u00e1ci\u00f3s t\u00e1rsadalommal \u00f6sszef\u00fcgg\u0151 szolg\u00e1ltat\u00e1sok egyes k\u00e9rd\u00e9seir\u0151l sz\u00f3l\u00f3\u00a0<a href=\"https:\/\/net.jogtar.hu\/jr\/gen\/hjegy_doc.cgi?docid=A0100108.TV\">2001. \u00e9vi CVIII. t\u00f6rv\u00e9ny<\/a>\u00a0rendelkez\u00e9seit kell alkalmazni.<\/p>\n<h2>A Jogi Nyilatkozat megv\u00e1ltoztat\u00e1sa<\/h2>\n<p>A Szolg\u00e1ltat\u00f3 fenntartja jelen Jogi Nyilatkozat megv\u00e1ltoztat\u00e1s\u00e1nak jog\u00e1t, amelyeket saj\u00e1t hat\u00e1sk\u00f6r\u00e9ben eszk\u00f6z\u00f6l, de err\u0151l minden esetben a weboldal ezen (\u201e<a href=\"popz.hu\/jogi-nyilatkozat\/\"><em>Jogi nyilatkozat<\/em><\/a> \u201d). r\u00e9sz\u00e9n \u00e9rtes\u00edti felhaszn\u00e1l\u00f3it.<\/p>\n<p>&nbsp;<\/p>\n<p>&nbsp;<\/p>\n<p>A panaszokr\u00f3l, a k\u00f6z\u00e9rdek\u0171 bejelent\u00e9sekr\u0151l, valamint a vissza\u00e9l\u00e9sek bejelent\u00e9s\u00e9vel \u00f6sszef\u00fcgg\u0151 szab\u00e1lyokr\u00f3l sz\u00f3l\u00f3 2023. \u00e9vi XXV. t\u00f6rv\u00e9ny (tov\u00e1bbiakban: <strong>Panaszt\u00f6rv\u00e9ny<\/strong>) alapj\u00e1n vissza\u00e9l\u00e9s bejelent\u00e9se tehet\u0151:<\/p>\n<p>Szendrei Andrea (kamarai azonos\u00edt\u00f3 sz\u00e1m: 36069421) Bejelent\u0151v\u00e9delmi \u00dcgyv\u00e9d<\/p>\n<p>c\u00edm: 1027 Budapest, Frankel Le\u00f3 \u00fat 2-4. 4. em. 38. ajt\u00f3<\/p>\n<p>e-mail c\u00edm: <a href=\"mailto:szendrei.andrea@gmail.com\">szendrei.andrea@gmail.com<\/a><\/p>\n<p>telefonsz\u00e1m: 06 20\u00a0399 1166<\/p>\n","protected":false},"excerpt":{"rendered":"<p>\u00c1ltal\u00e1nos t\u00e1j\u00e9koztat\u00e1s A\u00a0popz.hu\u00a0weboldalt (a tov\u00e1bbiakban: weboldal) a\u00a0Popz Europe Kft.\u00a0(a tov\u00e1bbiakban: Szolg\u00e1ltat\u00f3) \u00fczemelteti. A weboldal haszn\u00e1lat\u00e1nak megkezd\u00e9s\u00e9vel valamennyi felhaszn\u00e1l\u00f3 r\u00e1utal\u00f3 magatart\u00e1ssal [&hellip;]<\/p>\n","protected":false},"author":1,"featured_media":0,"parent":0,"menu_order":0,"comment_status":"open","ping_status":"open","template":"","meta":{"footnotes":""},"class_list":["post-23","page","type-page","status-publish","hentry"],"yoast_head":"<!-- This site is optimized with the Yoast SEO plugin v27.2 - https:\/\/yoast.com\/product\/yoast-seo-wordpress\/ -->\n<title>Jogi nyilatkozat<\/title>\n<meta name=\"robots\" content=\"index, follow, max-snippet:-1, max-image-preview:large, max-video-preview:-1\" \/>\n<link rel=\"canonical\" href=\"https:\/\/popz.com\/hu\/jogi-nyilatkozat\/\" \/>\n<meta name=\"twitter:card\" content=\"summary_large_image\" \/>\n<meta name=\"twitter:title\" content=\"Jogi nyilatkozat\" \/>\n<meta name=\"twitter:description\" content=\"\u00c1ltal\u00e1nos t\u00e1j\u00e9koztat\u00e1s A\u00a0popz.hu\u00a0weboldalt (a tov\u00e1bbiakban: weboldal) a\u00a0Popz Europe Kft.\u00a0(a tov\u00e1bbiakban: Szolg\u00e1ltat\u00f3) \u00fczemelteti. A weboldal haszn\u00e1lat\u00e1nak megkezd\u00e9s\u00e9vel valamennyi felhaszn\u00e1l\u00f3 r\u00e1utal\u00f3 magatart\u00e1ssal [&hellip;]\" \/>\n<meta name=\"twitter:label1\" content=\"Becs\u00fclt olvas\u00e1si id\u0151\" \/>\n\t<meta name=\"twitter:data1\" content=\"4 perc\" \/>\n<script type=\"application\/ld+json\" class=\"yoast-schema-graph\">{\"@context\":\"https:\/\/schema.org\",\"@graph\":[{\"@type\":\"WebPage\",\"@id\":\"https:\/\/popz.com\/hu\/jogi-nyilatkozat\/\",\"url\":\"https:\/\/popz.com\/hu\/jogi-nyilatkozat\/\",\"name\":\"Jogi nyilatkozat\",\"isPartOf\":{\"@id\":\"https:\/\/popz.com\/hu\/#website\"},\"datePublished\":\"2015-08-07T13:11:20+00:00\",\"dateModified\":\"2024-09-02T12:28:26+00:00\",\"breadcrumb\":{\"@id\":\"https:\/\/popz.com\/hu\/jogi-nyilatkozat\/#breadcrumb\"},\"inLanguage\":\"hu\",\"potentialAction\":[{\"@type\":\"ReadAction\",\"target\":[\"https:\/\/popz.com\/hu\/jogi-nyilatkozat\/\"]}]},{\"@type\":\"BreadcrumbList\",\"@id\":\"https:\/\/popz.com\/hu\/jogi-nyilatkozat\/#breadcrumb\",\"itemListElement\":[{\"@type\":\"ListItem\",\"position\":1,\"name\":\"F\u0151oldal\",\"item\":\"https:\/\/popz.com\/hu\/\"},{\"@type\":\"ListItem\",\"position\":2,\"name\":\"Jogi nyilatkozat\"}]},{\"@type\":\"WebSite\",\"@id\":\"https:\/\/popz.com\/hu\/#website\",\"url\":\"https:\/\/popz.com\/hu\/\",\"name\":\"Popz - az ehet\u0151 legjobb popcorn\",\"description\":\"Popz - az igazi otthoni mozi\u00e9lm\u00e9ny\u00e9rt\",\"potentialAction\":[{\"@type\":\"SearchAction\",\"target\":{\"@type\":\"EntryPoint\",\"urlTemplate\":\"https:\/\/popz.com\/hu\/?s={search_term_string}\"},\"query-input\":{\"@type\":\"PropertyValueSpecification\",\"valueRequired\":true,\"valueName\":\"search_term_string\"}}],\"inLanguage\":\"hu\"}]}<\/script>\n<!-- \/ Yoast SEO plugin. -->","yoast_head_json":{"title":"Jogi nyilatkozat","robots":{"index":"index","follow":"follow","max-snippet":"max-snippet:-1","max-image-preview":"max-image-preview:large","max-video-preview":"max-video-preview:-1"},"canonical":"https:\/\/popz.com\/hu\/jogi-nyilatkozat\/","twitter_card":"summary_large_image","twitter_title":"Jogi nyilatkozat","twitter_description":"\u00c1ltal\u00e1nos t\u00e1j\u00e9koztat\u00e1s A\u00a0popz.hu\u00a0weboldalt (a tov\u00e1bbiakban: weboldal) a\u00a0Popz Europe Kft.\u00a0(a tov\u00e1bbiakban: Szolg\u00e1ltat\u00f3) \u00fczemelteti. A weboldal haszn\u00e1lat\u00e1nak megkezd\u00e9s\u00e9vel valamennyi felhaszn\u00e1l\u00f3 r\u00e1utal\u00f3 magatart\u00e1ssal [&hellip;]","twitter_misc":{"Becs\u00fclt olvas\u00e1si id\u0151":"4 perc"},"schema":{"@context":"https:\/\/schema.org","@graph":[{"@type":"WebPage","@id":"https:\/\/popz.com\/hu\/jogi-nyilatkozat\/","url":"https:\/\/popz.com\/hu\/jogi-nyilatkozat\/","name":"Jogi nyilatkozat","isPartOf":{"@id":"https:\/\/popz.com\/hu\/#website"},"datePublished":"2015-08-07T13:11:20+00:00","dateModified":"2024-09-02T12:28:26+00:00","breadcrumb":{"@id":"https:\/\/popz.com\/hu\/jogi-nyilatkozat\/#breadcrumb"},"inLanguage":"hu","potentialAction":[{"@type":"ReadAction","target":["https:\/\/popz.com\/hu\/jogi-nyilatkozat\/"]}]},{"@type":"BreadcrumbList","@id":"https:\/\/popz.com\/hu\/jogi-nyilatkozat\/#breadcrumb","itemListElement":[{"@type":"ListItem","position":1,"name":"F\u0151oldal","item":"https:\/\/popz.com\/hu\/"},{"@type":"ListItem","position":2,"name":"Jogi nyilatkozat"}]},{"@type":"WebSite","@id":"https:\/\/popz.com\/hu\/#website","url":"https:\/\/popz.com\/hu\/","name":"Popz - az ehet\u0151 legjobb popcorn","description":"Popz - az igazi otthoni mozi\u00e9lm\u00e9ny\u00e9rt","potentialAction":[{"@type":"SearchAction","target":{"@type":"EntryPoint","urlTemplate":"https:\/\/popz.com\/hu\/?s={search_term_string}"},"query-input":{"@type":"PropertyValueSpecification","valueRequired":true,"valueName":"search_term_string"}}],"inLanguage":"hu"}]}},"_links":{"self":[{"href":"https:\/\/popz.com\/hu\/wp-json\/wp\/v2\/pages\/23","targetHints":{"allow":["GET"]}}],"collection":[{"href":"https:\/\/popz.com\/hu\/wp-json\/wp\/v2\/pages"}],"about":[{"href":"https:\/\/popz.com\/hu\/wp-json\/wp\/v2\/types\/page"}],"author":[{"embeddable":true,"href":"https:\/\/popz.com\/hu\/wp-json\/wp\/v2\/users\/1"}],"replies":[{"embeddable":true,"href":"https:\/\/popz.com\/hu\/wp-json\/wp\/v2\/comments?post=23"}],"version-history":[{"count":6,"href":"https:\/\/popz.com\/hu\/wp-json\/wp\/v2\/pages\/23\/revisions"}],"predecessor-version":[{"id":11131,"href":"https:\/\/popz.com\/hu\/wp-json\/wp\/v2\/pages\/23\/revisions\/11131"}],"wp:attachment":[{"href":"https:\/\/popz.com\/hu\/wp-json\/wp\/v2\/media?parent=23"}],"curies":[{"name":"wp","href":"https:\/\/api.w.org\/{rel}","templated":true}]}}