{"id":31,"date":"2015-08-07T13:14:41","date_gmt":"2015-08-07T13:14:41","guid":{"rendered":"https:\/\/popz.com\/hu\/?page_id=31"},"modified":"2025-08-05T11:07:09","modified_gmt":"2025-08-05T09:07:09","slug":"fooldal","status":"publish","type":"page","link":"https:\/\/popz.com\/hu\/","title":{"rendered":"F\u0151oldal"},"content":{"rendered":"<h1><span class=\"letter-lg\">POPZ<\/span><span class=\"letter-std\">\u00a0a t\u00f6k\u00e9letes<\/span><br \/>\n<span class=\"faux-italic\">mozi\u00e9lm\u00e9ny\u00e9rt<\/span><\/h1>\n<p>Tedd teljess\u00e9 kedvenc filmjeid otthoni \u00e9lvezet\u00e9t egy t\u00e1l Popz popcornnal. V\u00e1lassz az \u00edzletesebbn\u00e9l-\u00edzletesebb Popz vari\u00e1ci\u00f3kb\u00f3l!<\/p>\n<p><a class=\"btn btn-lg btn-orange\" href=\"https:\/\/popz.com\/hu\/termekek\/\">MENNYEI \u00cdZEK<\/a><\/p>\n<p>&nbsp;<\/p>\n<h1>Nem tudod, mit n\u00e9zz a POPZ-odhoz?<\/h1>\n<p>Adunk p\u00e1r tippet Cineblogunkon!<\/p>\n<p><a class=\"btn btn-lg btn-orange\" href=\"https:\/\/popz.com\/hu\/blog\/\">CINEBLOG<\/a><\/p>\n","protected":false},"excerpt":{"rendered":"<p>POPZ\u00a0a t\u00f6k\u00e9letes mozi\u00e9lm\u00e9ny\u00e9rt Tedd teljess\u00e9 kedvenc filmjeid otthoni \u00e9lvezet\u00e9t egy t\u00e1l Popz popcornnal. V\u00e1lassz az \u00edzletesebbn\u00e9l-\u00edzletesebb Popz vari\u00e1ci\u00f3kb\u00f3l! MENNYEI \u00cdZEK [&hellip;]<\/p>\n","protected":false},"author":1,"featured_media":0,"parent":0,"menu_order":0,"comment_status":"open","ping_status":"open","template":"","meta":{"footnotes":""},"class_list":["post-31","page","type-page","status-publish","hentry"],"yoast_head":"<!-- This site is optimized with the Yoast SEO plugin v27.2 - https:\/\/yoast.com\/product\/yoast-seo-wordpress\/ -->\n<title>F\u0151oldal<\/title>\n<meta name=\"robots\" content=\"index, follow, max-snippet:-1, max-image-preview:large, max-video-preview:-1\" \/>\n<link rel=\"canonical\" href=\"https:\/\/popz.com\/hu\/\" \/>\n<meta name=\"twitter:card\" content=\"summary_large_image\" \/>\n<meta name=\"twitter:title\" content=\"F\u0151oldal\" \/>\n<meta name=\"twitter:description\" content=\"POPZ\u00a0a t\u00f6k\u00e9letes mozi\u00e9lm\u00e9ny\u00e9rt Tedd teljess\u00e9 kedvenc filmjeid otthoni \u00e9lvezet\u00e9t egy t\u00e1l Popz popcornnal. V\u00e1lassz az \u00edzletesebbn\u00e9l-\u00edzletesebb Popz vari\u00e1ci\u00f3kb\u00f3l! MENNYEI \u00cdZEK [&hellip;]\" \/>\n<meta name=\"twitter:label1\" content=\"Becs\u00fclt olvas\u00e1si id\u0151\" \/>\n\t<meta name=\"twitter:data1\" content=\"1 perc\" \/>\n<script type=\"application\/ld+json\" class=\"yoast-schema-graph\">{\"@context\":\"https:\/\/schema.org\",\"@graph\":[{\"@type\":\"WebPage\",\"@id\":\"https:\/\/popz.com\/hu\/\",\"url\":\"https:\/\/popz.com\/hu\/\",\"name\":\"F\u0151oldal\",\"isPartOf\":{\"@id\":\"https:\/\/popz.com\/hu\/#website\"},\"datePublished\":\"2015-08-07T13:14:41+00:00\",\"dateModified\":\"2025-08-05T09:07:09+00:00\",\"breadcrumb\":{\"@id\":\"https:\/\/popz.com\/hu\/#breadcrumb\"},\"inLanguage\":\"hu\",\"potentialAction\":[{\"@type\":\"ReadAction\",\"target\":[\"https:\/\/popz.com\/hu\/\"]}]},{\"@type\":\"BreadcrumbList\",\"@id\":\"https:\/\/popz.com\/hu\/#breadcrumb\",\"itemListElement\":[{\"@type\":\"ListItem\",\"position\":1,\"name\":\"F\u0151oldal\",\"item\":\"https:\/\/popz.com\/hu\/\"},{\"@type\":\"ListItem\",\"position\":2,\"name\":\"F\u0151oldal\"}]},{\"@type\":\"WebSite\",\"@id\":\"https:\/\/popz.com\/hu\/#website\",\"url\":\"https:\/\/popz.com\/hu\/\",\"name\":\"Popz - az ehet\u0151 legjobb popcorn\",\"description\":\"Popz - az igazi otthoni mozi\u00e9lm\u00e9ny\u00e9rt\",\"potentialAction\":[{\"@type\":\"SearchAction\",\"target\":{\"@type\":\"EntryPoint\",\"urlTemplate\":\"https:\/\/popz.com\/hu\/?s={search_term_string}\"},\"query-input\":{\"@type\":\"PropertyValueSpecification\",\"valueRequired\":true,\"valueName\":\"search_term_string\"}}],\"inLanguage\":\"hu\"}]}<\/script>\n<!-- \/ Yoast SEO plugin. -->","yoast_head_json":{"title":"F\u0151oldal","robots":{"index":"index","follow":"follow","max-snippet":"max-snippet:-1","max-image-preview":"max-image-preview:large","max-video-preview":"max-video-preview:-1"},"canonical":"https:\/\/popz.com\/hu\/","twitter_card":"summary_large_image","twitter_title":"F\u0151oldal","twitter_description":"POPZ\u00a0a t\u00f6k\u00e9letes mozi\u00e9lm\u00e9ny\u00e9rt Tedd teljess\u00e9 kedvenc filmjeid otthoni \u00e9lvezet\u00e9t egy t\u00e1l Popz popcornnal. V\u00e1lassz az \u00edzletesebbn\u00e9l-\u00edzletesebb Popz vari\u00e1ci\u00f3kb\u00f3l! MENNYEI \u00cdZEK [&hellip;]","twitter_misc":{"Becs\u00fclt olvas\u00e1si id\u0151":"1 perc"},"schema":{"@context":"https:\/\/schema.org","@graph":[{"@type":"WebPage","@id":"https:\/\/popz.com\/hu\/","url":"https:\/\/popz.com\/hu\/","name":"F\u0151oldal","isPartOf":{"@id":"https:\/\/popz.com\/hu\/#website"},"datePublished":"2015-08-07T13:14:41+00:00","dateModified":"2025-08-05T09:07:09+00:00","breadcrumb":{"@id":"https:\/\/popz.com\/hu\/#breadcrumb"},"inLanguage":"hu","potentialAction":[{"@type":"ReadAction","target":["https:\/\/popz.com\/hu\/"]}]},{"@type":"BreadcrumbList","@id":"https:\/\/popz.com\/hu\/#breadcrumb","itemListElement":[{"@type":"ListItem","position":1,"name":"F\u0151oldal","item":"https:\/\/popz.com\/hu\/"},{"@type":"ListItem","position":2,"name":"F\u0151oldal"}]},{"@type":"WebSite","@id":"https:\/\/popz.com\/hu\/#website","url":"https:\/\/popz.com\/hu\/","name":"Popz - az ehet\u0151 legjobb popcorn","description":"Popz - az igazi otthoni mozi\u00e9lm\u00e9ny\u00e9rt","potentialAction":[{"@type":"SearchAction","target":{"@type":"EntryPoint","urlTemplate":"https:\/\/popz.com\/hu\/?s={search_term_string}"},"query-input":{"@type":"PropertyValueSpecification","valueRequired":true,"valueName":"search_term_string"}}],"inLanguage":"hu"}]}},"_links":{"self":[{"href":"https:\/\/popz.com\/hu\/wp-json\/wp\/v2\/pages\/31","targetHints":{"allow":["GET"]}}],"collection":[{"href":"https:\/\/popz.com\/hu\/wp-json\/wp\/v2\/pages"}],"about":[{"href":"https:\/\/popz.com\/hu\/wp-json\/wp\/v2\/types\/page"}],"author":[{"embeddable":true,"href":"https:\/\/popz.com\/hu\/wp-json\/wp\/v2\/users\/1"}],"replies":[{"embeddable":true,"href":"https:\/\/popz.com\/hu\/wp-json\/wp\/v2\/comments?post=31"}],"version-history":[{"count":9,"href":"https:\/\/popz.com\/hu\/wp-json\/wp\/v2\/pages\/31\/revisions"}],"predecessor-version":[{"id":11697,"href":"https:\/\/popz.com\/hu\/wp-json\/wp\/v2\/pages\/31\/revisions\/11697"}],"wp:attachment":[{"href":"https:\/\/popz.com\/hu\/wp-json\/wp\/v2\/media?parent=31"}],"curies":[{"name":"wp","href":"https:\/\/api.w.org\/{rel}","templated":true}]}}