{"id":39,"date":"2015-08-07T13:19:32","date_gmt":"2015-08-07T13:19:32","guid":{"rendered":"https:\/\/popz.com\/hu\/?page_id=39"},"modified":"2015-08-10T14:30:08","modified_gmt":"2015-08-10T14:30:08","slug":"home","status":"publish","type":"page","link":"https:\/\/popz.com\/hu\/home\/","title":{"rendered":"Home"},"content":{"rendered":"<h1><span class=\"letter-lg\">Popz<\/span><span class=\"letter-std\"> for the best<\/span><br \/>\n                    <span class=\"faux-italic\">movie experience<\/span><\/h1>\n<p>Make your home theatre experience complete with a bowl of PopZ popcorn. Choose from our tasty flavor variations.<\/p>\n<p><a class=\"btn btn-lg btn-orange\" href=\"[insert_php] echo get_page_link(2); [\/insert_php]\" role=\"button\">HEAVENLY FLAVORS <span\n                        class=\"glyphicon glyphicon-arrow-right\"><\/span><\/a><\/p>\n","protected":false},"excerpt":{"rendered":"<p>Popz for the best movie experience Make your home theatre experience complete with a bowl of PopZ popcorn. Choose from [&hellip;]<\/p>\n","protected":false},"author":1,"featured_media":0,"parent":0,"menu_order":0,"comment_status":"open","ping_status":"open","template":"","meta":{"footnotes":""},"class_list":["post-39","page","type-page","status-publish","hentry"],"yoast_head":"<!-- This site is optimized with the Yoast SEO plugin v27.2 - https:\/\/yoast.com\/product\/yoast-seo-wordpress\/ -->\n<title>Home<\/title>\n<meta name=\"robots\" content=\"index, follow, max-snippet:-1, max-image-preview:large, max-video-preview:-1\" \/>\n<link rel=\"canonical\" href=\"https:\/\/popz.com\/hu\/home\/\" \/>\n<meta name=\"twitter:card\" content=\"summary_large_image\" \/>\n<meta name=\"twitter:title\" content=\"Home\" \/>\n<meta name=\"twitter:description\" content=\"Popz for the best movie experience Make your home theatre experience complete with a bowl of PopZ popcorn. Choose from [&hellip;]\" \/>\n<script type=\"application\/ld+json\" class=\"yoast-schema-graph\">{\"@context\":\"https:\/\/schema.org\",\"@graph\":[{\"@type\":\"WebPage\",\"@id\":\"https:\/\/popz.com\/hu\/home\/\",\"url\":\"https:\/\/popz.com\/hu\/home\/\",\"name\":\"Home\",\"isPartOf\":{\"@id\":\"https:\/\/popz.com\/hu\/#website\"},\"datePublished\":\"2015-08-07T13:19:32+00:00\",\"dateModified\":\"2015-08-10T14:30:08+00:00\",\"breadcrumb\":{\"@id\":\"https:\/\/popz.com\/hu\/home\/#breadcrumb\"},\"inLanguage\":\"hu\",\"potentialAction\":[{\"@type\":\"ReadAction\",\"target\":[\"https:\/\/popz.com\/hu\/home\/\"]}]},{\"@type\":\"BreadcrumbList\",\"@id\":\"https:\/\/popz.com\/hu\/home\/#breadcrumb\",\"itemListElement\":[{\"@type\":\"ListItem\",\"position\":1,\"name\":\"F\u0151oldal\",\"item\":\"https:\/\/popz.com\/hu\/\"},{\"@type\":\"ListItem\",\"position\":2,\"name\":\"Home\"}]},{\"@type\":\"WebSite\",\"@id\":\"https:\/\/popz.com\/hu\/#website\",\"url\":\"https:\/\/popz.com\/hu\/\",\"name\":\"Popz - az ehet\u0151 legjobb popcorn\",\"description\":\"Popz - az igazi otthoni mozi\u00e9lm\u00e9ny\u00e9rt\",\"potentialAction\":[{\"@type\":\"SearchAction\",\"target\":{\"@type\":\"EntryPoint\",\"urlTemplate\":\"https:\/\/popz.com\/hu\/?s={search_term_string}\"},\"query-input\":{\"@type\":\"PropertyValueSpecification\",\"valueRequired\":true,\"valueName\":\"search_term_string\"}}],\"inLanguage\":\"hu\"}]}<\/script>\n<!-- \/ Yoast SEO plugin. -->","yoast_head_json":{"title":"Home","robots":{"index":"index","follow":"follow","max-snippet":"max-snippet:-1","max-image-preview":"max-image-preview:large","max-video-preview":"max-video-preview:-1"},"canonical":"https:\/\/popz.com\/hu\/home\/","twitter_card":"summary_large_image","twitter_title":"Home","twitter_description":"Popz for the best movie experience Make your home theatre experience complete with a bowl of PopZ popcorn. Choose from [&hellip;]","schema":{"@context":"https:\/\/schema.org","@graph":[{"@type":"WebPage","@id":"https:\/\/popz.com\/hu\/home\/","url":"https:\/\/popz.com\/hu\/home\/","name":"Home","isPartOf":{"@id":"https:\/\/popz.com\/hu\/#website"},"datePublished":"2015-08-07T13:19:32+00:00","dateModified":"2015-08-10T14:30:08+00:00","breadcrumb":{"@id":"https:\/\/popz.com\/hu\/home\/#breadcrumb"},"inLanguage":"hu","potentialAction":[{"@type":"ReadAction","target":["https:\/\/popz.com\/hu\/home\/"]}]},{"@type":"BreadcrumbList","@id":"https:\/\/popz.com\/hu\/home\/#breadcrumb","itemListElement":[{"@type":"ListItem","position":1,"name":"F\u0151oldal","item":"https:\/\/popz.com\/hu\/"},{"@type":"ListItem","position":2,"name":"Home"}]},{"@type":"WebSite","@id":"https:\/\/popz.com\/hu\/#website","url":"https:\/\/popz.com\/hu\/","name":"Popz - az ehet\u0151 legjobb popcorn","description":"Popz - az igazi otthoni mozi\u00e9lm\u00e9ny\u00e9rt","potentialAction":[{"@type":"SearchAction","target":{"@type":"EntryPoint","urlTemplate":"https:\/\/popz.com\/hu\/?s={search_term_string}"},"query-input":{"@type":"PropertyValueSpecification","valueRequired":true,"valueName":"search_term_string"}}],"inLanguage":"hu"}]}},"_links":{"self":[{"href":"https:\/\/popz.com\/hu\/wp-json\/wp\/v2\/pages\/39","targetHints":{"allow":["GET"]}}],"collection":[{"href":"https:\/\/popz.com\/hu\/wp-json\/wp\/v2\/pages"}],"about":[{"href":"https:\/\/popz.com\/hu\/wp-json\/wp\/v2\/types\/page"}],"author":[{"embeddable":true,"href":"https:\/\/popz.com\/hu\/wp-json\/wp\/v2\/users\/1"}],"replies":[{"embeddable":true,"href":"https:\/\/popz.com\/hu\/wp-json\/wp\/v2\/comments?post=39"}],"version-history":[{"count":4,"href":"https:\/\/popz.com\/hu\/wp-json\/wp\/v2\/pages\/39\/revisions"}],"predecessor-version":[{"id":132,"href":"https:\/\/popz.com\/hu\/wp-json\/wp\/v2\/pages\/39\/revisions\/132"}],"wp:attachment":[{"href":"https:\/\/popz.com\/hu\/wp-json\/wp\/v2\/media?parent=39"}],"curies":[{"name":"wp","href":"https:\/\/api.w.org\/{rel}","templated":true}]}}