{"id":403,"date":"2017-04-04T07:13:56","date_gmt":"2017-04-04T07:13:56","guid":{"rendered":"https:\/\/popz.com\/hu\/?page_id=403"},"modified":"2017-04-17T21:26:21","modified_gmt":"2017-04-17T21:26:21","slug":"blog","status":"publish","type":"page","link":"https:\/\/popz.com\/hu\/blog\/","title":{"rendered":"Blog"},"content":{"rendered":"","protected":false},"excerpt":{"rendered":"","protected":false},"author":1,"featured_media":0,"parent":0,"menu_order":0,"comment_status":"closed","ping_status":"closed","template":"page-blog.php","meta":{"footnotes":""},"class_list":["post-403","page","type-page","status-publish","hentry"],"yoast_head":"<!-- This site is optimized with the Yoast SEO plugin v27.2 - https:\/\/yoast.com\/product\/yoast-seo-wordpress\/ -->\n<title>Blog<\/title>\n<meta name=\"robots\" content=\"index, follow, max-snippet:-1, max-image-preview:large, max-video-preview:-1\" \/>\n<link rel=\"canonical\" href=\"https:\/\/popz.com\/hu\/blog\/\" \/>\n<meta name=\"twitter:card\" content=\"summary_large_image\" \/>\n<meta name=\"twitter:title\" content=\"Blog\" \/>\n<script type=\"application\/ld+json\" class=\"yoast-schema-graph\">{\"@context\":\"https:\/\/schema.org\",\"@graph\":[{\"@type\":\"WebPage\",\"@id\":\"https:\/\/popz.com\/hu\/blog\/\",\"url\":\"https:\/\/popz.com\/hu\/blog\/\",\"name\":\"Blog\",\"isPartOf\":{\"@id\":\"https:\/\/popz.com\/hu\/#website\"},\"datePublished\":\"2017-04-04T07:13:56+00:00\",\"dateModified\":\"2017-04-17T21:26:21+00:00\",\"breadcrumb\":{\"@id\":\"https:\/\/popz.com\/hu\/blog\/#breadcrumb\"},\"inLanguage\":\"hu\",\"potentialAction\":[{\"@type\":\"ReadAction\",\"target\":[\"https:\/\/popz.com\/hu\/blog\/\"]}]},{\"@type\":\"BreadcrumbList\",\"@id\":\"https:\/\/popz.com\/hu\/blog\/#breadcrumb\",\"itemListElement\":[{\"@type\":\"ListItem\",\"position\":1,\"name\":\"F\u0151oldal\",\"item\":\"https:\/\/popz.com\/hu\/\"},{\"@type\":\"ListItem\",\"position\":2,\"name\":\"Blog\"}]},{\"@type\":\"WebSite\",\"@id\":\"https:\/\/popz.com\/hu\/#website\",\"url\":\"https:\/\/popz.com\/hu\/\",\"name\":\"Popz - az ehet\u0151 legjobb popcorn\",\"description\":\"Popz - az igazi otthoni mozi\u00e9lm\u00e9ny\u00e9rt\",\"potentialAction\":[{\"@type\":\"SearchAction\",\"target\":{\"@type\":\"EntryPoint\",\"urlTemplate\":\"https:\/\/popz.com\/hu\/?s={search_term_string}\"},\"query-input\":{\"@type\":\"PropertyValueSpecification\",\"valueRequired\":true,\"valueName\":\"search_term_string\"}}],\"inLanguage\":\"hu\"}]}<\/script>\n<!-- \/ Yoast SEO plugin. -->","yoast_head_json":{"title":"Blog","robots":{"index":"index","follow":"follow","max-snippet":"max-snippet:-1","max-image-preview":"max-image-preview:large","max-video-preview":"max-video-preview:-1"},"canonical":"https:\/\/popz.com\/hu\/blog\/","twitter_card":"summary_large_image","twitter_title":"Blog","schema":{"@context":"https:\/\/schema.org","@graph":[{"@type":"WebPage","@id":"https:\/\/popz.com\/hu\/blog\/","url":"https:\/\/popz.com\/hu\/blog\/","name":"Blog","isPartOf":{"@id":"https:\/\/popz.com\/hu\/#website"},"datePublished":"2017-04-04T07:13:56+00:00","dateModified":"2017-04-17T21:26:21+00:00","breadcrumb":{"@id":"https:\/\/popz.com\/hu\/blog\/#breadcrumb"},"inLanguage":"hu","potentialAction":[{"@type":"ReadAction","target":["https:\/\/popz.com\/hu\/blog\/"]}]},{"@type":"BreadcrumbList","@id":"https:\/\/popz.com\/hu\/blog\/#breadcrumb","itemListElement":[{"@type":"ListItem","position":1,"name":"F\u0151oldal","item":"https:\/\/popz.com\/hu\/"},{"@type":"ListItem","position":2,"name":"Blog"}]},{"@type":"WebSite","@id":"https:\/\/popz.com\/hu\/#website","url":"https:\/\/popz.com\/hu\/","name":"Popz - az ehet\u0151 legjobb popcorn","description":"Popz - az igazi otthoni mozi\u00e9lm\u00e9ny\u00e9rt","potentialAction":[{"@type":"SearchAction","target":{"@type":"EntryPoint","urlTemplate":"https:\/\/popz.com\/hu\/?s={search_term_string}"},"query-input":{"@type":"PropertyValueSpecification","valueRequired":true,"valueName":"search_term_string"}}],"inLanguage":"hu"}]}},"_links":{"self":[{"href":"https:\/\/popz.com\/hu\/wp-json\/wp\/v2\/pages\/403","targetHints":{"allow":["GET"]}}],"collection":[{"href":"https:\/\/popz.com\/hu\/wp-json\/wp\/v2\/pages"}],"about":[{"href":"https:\/\/popz.com\/hu\/wp-json\/wp\/v2\/types\/page"}],"author":[{"embeddable":true,"href":"https:\/\/popz.com\/hu\/wp-json\/wp\/v2\/users\/1"}],"replies":[{"embeddable":true,"href":"https:\/\/popz.com\/hu\/wp-json\/wp\/v2\/comments?post=403"}],"version-history":[{"count":5,"href":"https:\/\/popz.com\/hu\/wp-json\/wp\/v2\/pages\/403\/revisions"}],"predecessor-version":[{"id":577,"href":"https:\/\/popz.com\/hu\/wp-json\/wp\/v2\/pages\/403\/revisions\/577"}],"wp:attachment":[{"href":"https:\/\/popz.com\/hu\/wp-json\/wp\/v2\/media?parent=403"}],"curies":[{"name":"wp","href":"https:\/\/api.w.org\/{rel}","templated":true}]}}