{"id":96,"date":"2015-08-10T10:28:22","date_gmt":"2015-08-10T10:28:22","guid":{"rendered":"https:\/\/popz.com\/hu\/?page_id=96"},"modified":"2015-08-10T15:03:33","modified_gmt":"2015-08-10T15:03:33","slug":"cegtortenet","status":"publish","type":"page","link":"https:\/\/popz.com\/hu\/cegtortenet\/","title":{"rendered":"C\u00e9gt\u00f6rt\u00e9net"},"content":{"rendered":"<h2>1971<\/h2>\n<p>Jim Watkins eladja az els\u0151 csomag mikrohull\u00e1m\u00fa popcornt. Jim \u00fatt\u00f6r\u0151k\u00e9nt n\u00e9pszer\u0171s\u00edti a mikrohull\u00e1m\u00fa popcornt az 1970-es \u00e9vek v\u00e9g\u00e9n els\u0151 v\u00e1llalat\u00e1n\u00e1l, a Golden Valley Foods-n\u00e1l.<\/p>\n<h2>1991<\/h2>\n<p>A ConAgra felv\u00e1s\u00e1rolja a Golden Valley Foods-t.<\/p>\n<h2>1999<\/h2>\n<p>Az Inline Packaging LLC megalakul Minnesot\u00e1ban, hogy elindulhasson a mikrohull\u00e1m\u00fa popcorn gy\u00e1rt\u00e1sa. Fel\u00e1ll\u00edt\u00e1sra ker\u00fcl a Popz USA LLC gy\u00e1rt\u00f3sora South Carolin\u00e1ban is. A Popz 1999-ben indult h\u00f3d\u00edt\u00f3 \u00fatj\u00e1ra \u00faj popcorn m\u00e1rkak\u00e9nt, t\u00f6bb mint 250 \u00e9ves kombin\u00e1lt fels\u0151vezet\u0151i tapasztalattal.<\/p>\n<h2>2000<\/h2>\n<p>A Popz k\u00f6z\u00f6s v\u00e1llalkoz\u00e1sba l\u00e9p Olaszorsz\u00e1gban a vezet\u0151 RTE (Ready To Eat &#8211; azonnal fogyaszthat\u00f3) popcorn gy\u00e1rt\u00f3val, a Food Products International-al (FPI). Az FPI RTE popcornt \u00e1ll\u00edt el\u0151 a goriziai \u00fczem\u00fckben \u00e9s a mil\u00e1n\u00f3i sz\u00e9khely\u0171 \u00e9rt\u00e9kes\u00edt\u00e9si k\u00f6zpontb\u00f3l k\u00fcldik piacra a Popz RTE \u00e9s mikrohull\u00e1m\u00fa s\u00fct\u0151ben k\u00e9sz\u00edthet\u0151 popcornjait, mint piacvezet\u0151 m\u00e1rka az olasz piacon.<\/p>\n<h2>2001<\/h2>\n<p>Vegyesv\u00e1llalat alakul a d\u00e1n Blomberg-gel melynek t\u00f6bb mint 100 \u00e9ves m\u00faltja van a popcorn gy\u00e1rt\u00e1s\u00e1ban. A Blomberg-et 1902-ben alap\u00edtott\u00e1k \u00e9s k\u00e9szterm\u00e9kek el\u0151\u00e1ll\u00edt\u00e1s\u00e1val foglalkozott 1950-t\u0151l napjainkig, tov\u00e1bb\u00e1 az els\u0151 Eur\u00f3pai c\u00e9g volt a mikrohull\u00e1m\u00fa popcorn gy\u00e1rt\u00e1s\u00e1ban 1991-ben.<\/p>\n<h2>2002<\/h2>\n<p>A Pegasus China LLC \u00e9s Popz Chinese 50:50 tulajdonar\u00e1ny\u00fa k\u00f6z\u00f6s v\u00e1llalatot hoz l\u00e9tre \u00e9s \u00faj gy\u00e1rt\u00f3sort \u00e1ll\u00edt fel Shenzenben. <span class=\"highlighted\">A Popz ekkorra az els\u0151sz\u00e1m\u00fa import\u00e1lt mikrohull\u00e1m\u00fa popcornm\u00e1rka K\u00edn\u00e1ban<\/span>. Nyolc region\u00e1lis \u00e9rt\u00e9kes\u00edt\u00e9si iroda fedi le a legf\u0151bb piacokat.<\/p>\n<h2>2005<\/h2>\n<p>Popz\u00a0Poland n\u00e9ven kapcsolt v\u00e1llalkoz\u00e1st hoznak l\u00e9tre, amely a lengyel piacokon \u00e9rt\u00e9kes\u00edti a Popz term\u00e9keit.<\/p>\n<h2>2008<\/h2>\n<p>A Blomberg megv\u00e1ltoztatja a nev\u00e9t D\u00e1ni\u00e1ban. Az \u00faj c\u00e9g neve Popz Denmark lesz annak \u00e9rdek\u00e9ben, hogy m\u00e9gjobban kihangs\u00falyozz\u00e1k a f\u0151 term\u00e9knek sz\u00e1m\u00edt\u00f3 Popz popcorn termel\u00e9s\u00e9re val\u00f3 f\u00f3kusz\u00e1l\u00e1st. A Popz piacvezet\u0151 lesz a d\u00e1n piacon \u00e9s egyben a n\u00e9met Capri-Sonne ital d\u00e1n disztrib\u00fator\u00e1v\u00e1 is v\u00e1lik.<\/p>\n<h2>2009<\/h2>\n<p>Blomberg Sv\u00e9dorsz\u00e1gban is nevet v\u00e1ltoztat Popz Sverige AB-ra (Popz Sweden).<\/p>\n<h2>2010<\/h2>\n<p>A Popz k\u00f6z\u00f6s v\u00e1llalatot alap\u00edt D\u00e9l-Afrika vezet\u0151 mozil\u00e1nc\u00e1val a Sterkinekorral, annak \u00e9rdek\u00e9ben, hogy megkezd\u0151dhessen a Popz mozikban t\u00f6rt\u00e9n\u0151 forgalmaz\u00e1sa.<\/p>\n<h2>2011<\/h2>\n<p>A termel\u00e9s D\u00e1ni\u00e1ban megsz\u0171nik \u00e9s a gy\u00e1rt\u00f3sorokat teljesen \u00faj l\u00e9tes\u00edtm\u00e9nybe k\u00f6lt\u00f6ztetik Debrecenben. Magyarorsz\u00e1gra Popz Europe Kft-k\u00e9nt vonul be a c\u00e9g. A Popz magyarorsz\u00e1gi gy\u00e1ra a vil\u00e1g legmodernebb mikrohull\u00e1m\u00fa popcornt el\u0151\u00e1ll\u00edt\u00f3 l\u00e9tes\u00edtm\u00e9nye. A Popz Agro Kft. Magyarorsz\u00e1gon j\u00f6n l\u00e9tre k\u00f6z\u00f6s v\u00e1llalatk\u00e9nt, hogy biztos\u00edtsa a pattogatott kukorica termeszt\u00e9st \u00e9s el\u0151\u00e1ll\u00edt\u00e1st a kulcsfontoss\u00e1g\u00fa d\u00e9li term\u0151ter\u00fcleteken.<\/p>\n<h2>Napjainkban<\/h2>\n<p>Ma a Popz k\u00e9szen \u00e1ll, hogy szemben\u00e9zzen a j\u00f6v\u0151vel a legmodernebb \u00fczemmel a vil\u00e1gon, rengeteg tapasztalattal \u00e9s elk\u00f6telezett szem\u00e9lyzettel a szervezet minden szintj\u00e9n.<\/p>\n","protected":false},"excerpt":{"rendered":"<p>1971 Jim Watkins eladja az els\u0151 csomag mikrohull\u00e1m\u00fa popcornt. Jim \u00fatt\u00f6r\u0151k\u00e9nt n\u00e9pszer\u0171s\u00edti a mikrohull\u00e1m\u00fa popcornt az 1970-es \u00e9vek v\u00e9g\u00e9n els\u0151 [&hellip;]<\/p>\n","protected":false},"author":1,"featured_media":0,"parent":0,"menu_order":0,"comment_status":"open","ping_status":"open","template":"","meta":{"footnotes":""},"class_list":["post-96","page","type-page","status-publish","hentry"],"yoast_head":"<!-- This site is optimized with the Yoast SEO plugin v27.2 - https:\/\/yoast.com\/product\/yoast-seo-wordpress\/ -->\n<title>C\u00e9gt\u00f6rt\u00e9net<\/title>\n<meta name=\"robots\" content=\"index, follow, max-snippet:-1, max-image-preview:large, max-video-preview:-1\" \/>\n<link rel=\"canonical\" href=\"https:\/\/popz.com\/hu\/cegtortenet\/\" \/>\n<meta name=\"twitter:card\" content=\"summary_large_image\" \/>\n<meta name=\"twitter:title\" content=\"C\u00e9gt\u00f6rt\u00e9net\" \/>\n<meta name=\"twitter:description\" content=\"1971 Jim Watkins eladja az els\u0151 csomag mikrohull\u00e1m\u00fa popcornt. Jim \u00fatt\u00f6r\u0151k\u00e9nt n\u00e9pszer\u0171s\u00edti a mikrohull\u00e1m\u00fa popcornt az 1970-es \u00e9vek v\u00e9g\u00e9n els\u0151 [&hellip;]\" \/>\n<meta name=\"twitter:label1\" content=\"Becs\u00fclt olvas\u00e1si id\u0151\" \/>\n\t<meta name=\"twitter:data1\" content=\"3 perc\" \/>\n<script type=\"application\/ld+json\" class=\"yoast-schema-graph\">{\"@context\":\"https:\/\/schema.org\",\"@graph\":[{\"@type\":\"WebPage\",\"@id\":\"https:\/\/popz.com\/hu\/cegtortenet\/\",\"url\":\"https:\/\/popz.com\/hu\/cegtortenet\/\",\"name\":\"C\u00e9gt\u00f6rt\u00e9net\",\"isPartOf\":{\"@id\":\"https:\/\/popz.com\/hu\/#website\"},\"datePublished\":\"2015-08-10T10:28:22+00:00\",\"dateModified\":\"2015-08-10T15:03:33+00:00\",\"breadcrumb\":{\"@id\":\"https:\/\/popz.com\/hu\/cegtortenet\/#breadcrumb\"},\"inLanguage\":\"hu\",\"potentialAction\":[{\"@type\":\"ReadAction\",\"target\":[\"https:\/\/popz.com\/hu\/cegtortenet\/\"]}]},{\"@type\":\"BreadcrumbList\",\"@id\":\"https:\/\/popz.com\/hu\/cegtortenet\/#breadcrumb\",\"itemListElement\":[{\"@type\":\"ListItem\",\"position\":1,\"name\":\"F\u0151oldal\",\"item\":\"https:\/\/popz.com\/hu\/\"},{\"@type\":\"ListItem\",\"position\":2,\"name\":\"C\u00e9gt\u00f6rt\u00e9net\"}]},{\"@type\":\"WebSite\",\"@id\":\"https:\/\/popz.com\/hu\/#website\",\"url\":\"https:\/\/popz.com\/hu\/\",\"name\":\"Popz - az ehet\u0151 legjobb popcorn\",\"description\":\"Popz - az igazi otthoni mozi\u00e9lm\u00e9ny\u00e9rt\",\"potentialAction\":[{\"@type\":\"SearchAction\",\"target\":{\"@type\":\"EntryPoint\",\"urlTemplate\":\"https:\/\/popz.com\/hu\/?s={search_term_string}\"},\"query-input\":{\"@type\":\"PropertyValueSpecification\",\"valueRequired\":true,\"valueName\":\"search_term_string\"}}],\"inLanguage\":\"hu\"}]}<\/script>\n<!-- \/ Yoast SEO plugin. -->","yoast_head_json":{"title":"C\u00e9gt\u00f6rt\u00e9net","robots":{"index":"index","follow":"follow","max-snippet":"max-snippet:-1","max-image-preview":"max-image-preview:large","max-video-preview":"max-video-preview:-1"},"canonical":"https:\/\/popz.com\/hu\/cegtortenet\/","twitter_card":"summary_large_image","twitter_title":"C\u00e9gt\u00f6rt\u00e9net","twitter_description":"1971 Jim Watkins eladja az els\u0151 csomag mikrohull\u00e1m\u00fa popcornt. Jim \u00fatt\u00f6r\u0151k\u00e9nt n\u00e9pszer\u0171s\u00edti a mikrohull\u00e1m\u00fa popcornt az 1970-es \u00e9vek v\u00e9g\u00e9n els\u0151 [&hellip;]","twitter_misc":{"Becs\u00fclt olvas\u00e1si id\u0151":"3 perc"},"schema":{"@context":"https:\/\/schema.org","@graph":[{"@type":"WebPage","@id":"https:\/\/popz.com\/hu\/cegtortenet\/","url":"https:\/\/popz.com\/hu\/cegtortenet\/","name":"C\u00e9gt\u00f6rt\u00e9net","isPartOf":{"@id":"https:\/\/popz.com\/hu\/#website"},"datePublished":"2015-08-10T10:28:22+00:00","dateModified":"2015-08-10T15:03:33+00:00","breadcrumb":{"@id":"https:\/\/popz.com\/hu\/cegtortenet\/#breadcrumb"},"inLanguage":"hu","potentialAction":[{"@type":"ReadAction","target":["https:\/\/popz.com\/hu\/cegtortenet\/"]}]},{"@type":"BreadcrumbList","@id":"https:\/\/popz.com\/hu\/cegtortenet\/#breadcrumb","itemListElement":[{"@type":"ListItem","position":1,"name":"F\u0151oldal","item":"https:\/\/popz.com\/hu\/"},{"@type":"ListItem","position":2,"name":"C\u00e9gt\u00f6rt\u00e9net"}]},{"@type":"WebSite","@id":"https:\/\/popz.com\/hu\/#website","url":"https:\/\/popz.com\/hu\/","name":"Popz - az ehet\u0151 legjobb popcorn","description":"Popz - az igazi otthoni mozi\u00e9lm\u00e9ny\u00e9rt","potentialAction":[{"@type":"SearchAction","target":{"@type":"EntryPoint","urlTemplate":"https:\/\/popz.com\/hu\/?s={search_term_string}"},"query-input":{"@type":"PropertyValueSpecification","valueRequired":true,"valueName":"search_term_string"}}],"inLanguage":"hu"}]}},"_links":{"self":[{"href":"https:\/\/popz.com\/hu\/wp-json\/wp\/v2\/pages\/96","targetHints":{"allow":["GET"]}}],"collection":[{"href":"https:\/\/popz.com\/hu\/wp-json\/wp\/v2\/pages"}],"about":[{"href":"https:\/\/popz.com\/hu\/wp-json\/wp\/v2\/types\/page"}],"author":[{"embeddable":true,"href":"https:\/\/popz.com\/hu\/wp-json\/wp\/v2\/users\/1"}],"replies":[{"embeddable":true,"href":"https:\/\/popz.com\/hu\/wp-json\/wp\/v2\/comments?post=96"}],"version-history":[{"count":5,"href":"https:\/\/popz.com\/hu\/wp-json\/wp\/v2\/pages\/96\/revisions"}],"predecessor-version":[{"id":137,"href":"https:\/\/popz.com\/hu\/wp-json\/wp\/v2\/pages\/96\/revisions\/137"}],"wp:attachment":[{"href":"https:\/\/popz.com\/hu\/wp-json\/wp\/v2\/media?parent=96"}],"curies":[{"name":"wp","href":"https:\/\/api.w.org\/{rel}","templated":true}]}}